{"id":850,"date":"2024-08-02T08:10:13","date_gmt":"2024-08-02T08:10:13","guid":{"rendered":"https:\/\/stoneracketistria.com\/kategorien-und-ereignisse\/"},"modified":"2026-02-24T11:44:52","modified_gmt":"2026-02-24T11:44:52","slug":"kategorien-und-ereignisse","status":"publish","type":"page","link":"https:\/\/stoneracketistria.com\/de\/kategorien-und-ereignisse\/","title":{"rendered":"KATEGORIEN UND EREIGNISSE"},"content":{"rendered":"\t\t<div data-elementor-type=\"wp-page\" data-elementor-id=\"850\" class=\"elementor elementor-850 elementor-430\" data-elementor-post-type=\"page\">\n\t\t\t\t<div class=\"elementor-element elementor-element-75f5028 e-flex e-con-boxed e-con e-parent\" data-id=\"75f5028\" data-element_type=\"container\" data-settings=\"{&quot;background_background&quot;:&quot;classic&quot;}\">\n\t\t\t\t\t<div class=\"e-con-inner\">\n\t\t\t\t<div class=\"elementor-element elementor-element-6a1e93e elementor-widget elementor-widget-heading\" data-id=\"6a1e93e\" data-element_type=\"widget\" data-widget_type=\"heading.default\">\n\t\t\t\t<div class=\"elementor-widget-container\">\n\t\t\t\t\t<h1 class=\"elementor-heading-title elementor-size-default\">Veranstaltungen <\/h1>\t\t\t\t<\/div>\n\t\t\t\t<\/div>\n\t\t\t\t\t<\/div>\n\t\t\t\t<\/div>\n\t\t<div class=\"elementor-element elementor-element-d08d396 e-flex e-con-boxed e-con e-parent\" data-id=\"d08d396\" data-element_type=\"container\" data-settings=\"{&quot;background_background&quot;:&quot;classic&quot;}\">\n\t\t\t\t\t<div class=\"e-con-inner\">\n\t\t<div class=\"elementor-element elementor-element-35f4650 e-con-full e-flex e-con e-child\" data-id=\"35f4650\" data-element_type=\"container\" data-settings=\"{&quot;background_background&quot;:&quot;classic&quot;}\">\n\t\t\t\t<div class=\"elementor-element elementor-element-9d16bdd elementor-widget elementor-widget-heading\" data-id=\"9d16bdd\" data-element_type=\"widget\" data-widget_type=\"heading.default\">\n\t\t\t\t<div class=\"elementor-widget-container\">\n\t\t\t\t\t<h2 class=\"elementor-heading-title elementor-size-default\">Spielsystem <\/h2>\t\t\t\t<\/div>\n\t\t\t\t<\/div>\n\t\t\t\t<div class=\"elementor-element elementor-element-5afae90 elementor-widget__width-initial elementor-widget elementor-widget-text-editor\" data-id=\"5afae90\" data-element_type=\"widget\" data-widget_type=\"text-editor.default\">\n\t\t\t\t<div class=\"elementor-widget-container\">\n\t\t\t\t\t\t\t\t\t<p>Jede Einzel- und Doppel-Kategorie wird im Best-of-Five-Format (bis 3 gewonnenen Spielen) gespielt.<\/p><p>Die Qualifikationsrunde wird in Gruppen (jeder gegen jeden) gespielt.<br \/>Bevorzugt wird eine Gruppe von vier Spielern (je nach Anzahl der Anmeldungen).<\/p><p>Die Erst- und Zweitplatzierten kommen in die Hauptrunde, die Dritt- und<br \/>Viertplatzierten spielen im Trostlauf, falls sie dies w\u00fcnschen und dies sofort<br \/>nach Beendigung ihrer Gruppenspiele auf dem Spielbogen vermerken.<\/p><p>Wenn es zwei oder mehr Spieler aus derselben Nationalen Verbandsgruppe<br \/>in einer Gruppe gibt, m\u00fcssen diese Spiele als erste gespielt werden. Die<br \/>Hauptrunde und der Trostlauf werden nach dem K.-o.-System gespielt.<\/p><p>Die Rangordnung in der Gruppe wird wie folgt bestimmt: F\u00fcr einen Sieg gibt<br \/>es 2 Matchpunkte, f\u00fcr eine Niederlage in einem gespielten Match 1 Punkt<br \/>und f\u00fcr eine Niederlage in einem nicht gespielten Match 0 Punkte.<\/p><p>Die Rangordnung wird prim\u00e4r nach der Anzahl der erzielten Matchpunkte bestimmt. Bei Punktgleichheit entscheidet der direkte Vergleich der<br \/>betroffenen Spieler.<br \/>Falls auch dies nicht zur Kl\u00e4rung f\u00fchrt, entscheidet das Los. <br \/>Wenn zu irgendeinem Zeitpunkt der Berechnungen die Position eines oder mehrerer Mitglieder der Gruppe feststeht, w\u00e4hrend die anderen noch gleich sind, werden die Ergebnisse der Spiele, an denen diese Mitglieder teilgenommen haben, von allen weiteren Berechnungen ausgeschlossen, die erforderlich sind, um die Gleichheit gem\u00e4\u00df dem oben beschriebenen Verfahren aufzul\u00f6sen.<\/p><p>Wenn es nicht m\u00f6glich ist, Gleichheit durch das oben beschriebene Verfahren zu erreichen, werden die relativen Positionen durch den Schiedsrichter ausgelost.<\/p>\t\t\t\t\t\t\t\t<\/div>\n\t\t\t\t<\/div>\n\t\t\t\t<div class=\"elementor-element elementor-element-31faaf8 elementor-widget elementor-widget-heading\" data-id=\"31faaf8\" data-element_type=\"widget\" data-widget_type=\"heading.default\">\n\t\t\t\t<div class=\"elementor-widget-container\">\n\t\t\t\t\t<h2 class=\"elementor-heading-title elementor-size-default\">Veranstaltungen <\/h2>\t\t\t\t<\/div>\n\t\t\t\t<\/div>\n\t\t\t\t<div class=\"elementor-element elementor-element-40a7930 elementor-widget__width-initial elementor-widget elementor-widget-text-editor\" data-id=\"40a7930\" data-element_type=\"widget\" data-widget_type=\"text-editor.default\">\n\t\t\t\t<div class=\"elementor-widget-container\">\n\t\t\t\t\t\t\t\t\t<p><span style=\"font-weight: 400;\">Jede Kategorie umfasst folgende Veranstaltungen:<\/span><\/p><ul><li style=\"font-weight: 400;\" aria-level=\"1\"><span style=\"font-weight: 400;\">&#8211; Herren- und Damen-Einzel<\/span><\/li><li style=\"font-weight: 400;\" aria-level=\"1\"><span style=\"font-weight: 400;\">&#8211; Herren- und Damen-Doppel<\/span><\/li><\/ul><p><span style=\"font-weight: 400;\"><br \/>Jeder Teilnehmer darf in einem Einzel- und einem Doppelwettbewerb teilnehmen. Ein Spieler muss in seiner Alterskategorie spielen, au\u00dfer im Doppel. Wenn Partner aus unterschiedlichen Altersgruppen kommen, wird das Paar in der Kategorie des j\u00fcngeren Spielers eingestuft. Falls der Doppelpartner nicht anwesend ist, wird der Organisator nach M\u00f6glichkeit einen neuen Partner stellen. <\/span><\/p><p><span style=\"font-weight: 400;\">Ein Doppelteam darf nicht ge\u00e4ndert werden, wenn beide Spieler anwesend und spielf\u00e4hig sind. \u00c4nderungen aufgrund von Verletzung, Krankheit oder Abwesenheit sind nur vor der bekannt gegebenen quot;Fristquot; m\u00f6glich.<\/span><\/p><p><span style=\"font-weight: 400;\">Keine \u00c4nderungen oder neue Anmeldungen nach der endg\u00fcltigen Frist. <\/span><\/p><p><span style=\"font-weight: 400;\">Nach Ablauf der Frist werden keine \u00c4nderungen oder neue Beitr\u00e4ge mehr angenommen.<\/span><\/p><p><span style=\"color: #1cabcc;\"><b>Akkreditierungsdatum und zeit<\/b><\/span><\/p><p><span style=\"font-weight: 400;\">Am Mittwoch, den 4. M\u00e4rz von 14:00 bis 19:00 Uhr im<\/span>Veranstaltungsort Sporthalle Saline Vrsar<\/p><p><span style=\"color: #1cabcc;\"><b>Spielort<\/b><\/span><\/p><p><span style=\"font-weight: 400;\">Sporthalle Saline<br \/><\/span>Petalon 1F, 52450 Vrsar, Kroatien<br \/>Karte ansehen <span style=\"text-decoration: underline;\"><span style=\"color: #ffffff;\"><a style=\"color: #ffffff; text-decoration: underline;\" href=\"https:\/\/maps.app.goo.gl\/xBy9U5dRFDzWKp4d7\">hier<\/a><\/span><\/span><\/p><p><span style=\"font-weight: 400;\">Um sich anzumelden, m\u00fcssen Sie das Online-Anmeldeformular ausf\u00fcllen.<\/span><\/p><p><span style=\"color: #1cabcc;\"><b><br \/>Endg\u00fcltige Anmeldefrist<\/b><\/span><\/p><p>8. Februar 2026 Offizielle Anmeldungen werden nur \u00fcber das Anmeldeformular akzeptiert. Keine<\/p><p><span style=\"font-weight: 400;\">Anmeldungen vor Ort.<\/span><\/p><p><span style=\"font-weight: 400;\">Offizielle Anmeldungen werden nur \u00fcber das Anmeldeformular akzeptiert. <\/span><\/p><p><span style=\"font-weight: 400;\">Es werden keine Anmeldungen vor Ort akzeptiert.<\/span><\/p>\t\t\t\t\t\t\t\t<\/div>\n\t\t\t\t<\/div>\n\t\t\t\t<div class=\"elementor-element elementor-element-3a143df elementor-widget elementor-widget-heading\" data-id=\"3a143df\" data-element_type=\"widget\" data-widget_type=\"heading.default\">\n\t\t\t\t<div class=\"elementor-widget-container\">\n\t\t\t\t\t<h2 class=\"elementor-heading-title elementor-size-default\">Alterskategorien<\/h2>\t\t\t\t<\/div>\n\t\t\t\t<\/div>\n\t\t\t\t<div class=\"elementor-element elementor-element-2473f08 elementor-widget__width-initial elementor-widget elementor-widget-heading\" data-id=\"2473f08\" data-element_type=\"widget\" data-widget_type=\"heading.default\">\n\t\t\t\t<div class=\"elementor-widget-container\">\n\t\t\t\t\t<h2 class=\"elementor-heading-title elementor-size-default\">40 - 49 Jahre (geboren zwischen 1986 und 1977)\n<\/h2>\t\t\t\t<\/div>\n\t\t\t\t<\/div>\n\t\t\t\t<div class=\"elementor-element elementor-element-52e8709 elementor-widget__width-initial elementor-widget elementor-widget-heading\" data-id=\"52e8709\" data-element_type=\"widget\" data-widget_type=\"heading.default\">\n\t\t\t\t<div class=\"elementor-widget-container\">\n\t\t\t\t\t<h2 class=\"elementor-heading-title elementor-size-default\">50-59 Jahre (geboren zwischen 1976 und 1967)<\/h2>\t\t\t\t<\/div>\n\t\t\t\t<\/div>\n\t\t\t\t<div class=\"elementor-element elementor-element-9f3ec1d elementor-widget__width-initial elementor-widget elementor-widget-heading\" data-id=\"9f3ec1d\" data-element_type=\"widget\" data-widget_type=\"heading.default\">\n\t\t\t\t<div class=\"elementor-widget-container\">\n\t\t\t\t\t<h2 class=\"elementor-heading-title elementor-size-default\">60-64 Jahre (geboren zwischen 1966 und 1962)<\/h2>\t\t\t\t<\/div>\n\t\t\t\t<\/div>\n\t\t\t\t<div class=\"elementor-element elementor-element-e836a64 elementor-widget__width-initial elementor-widget elementor-widget-heading\" data-id=\"e836a64\" data-element_type=\"widget\" data-widget_type=\"heading.default\">\n\t\t\t\t<div class=\"elementor-widget-container\">\n\t\t\t\t\t<h2 class=\"elementor-heading-title elementor-size-default\">65-69 Jahre (geboren zwischen 1961 und 1957)<\/h2>\t\t\t\t<\/div>\n\t\t\t\t<\/div>\n\t\t\t\t<div class=\"elementor-element elementor-element-7e498a1 elementor-widget__width-initial elementor-widget elementor-widget-heading\" data-id=\"7e498a1\" data-element_type=\"widget\" data-widget_type=\"heading.default\">\n\t\t\t\t<div class=\"elementor-widget-container\">\n\t\t\t\t\t<h2 class=\"elementor-heading-title elementor-size-default\">70-74 Jahre (geboren zwischen 1956 und 1952)<\/h2>\t\t\t\t<\/div>\n\t\t\t\t<\/div>\n\t\t\t\t<div class=\"elementor-element elementor-element-5b39af9 elementor-widget__width-initial elementor-widget elementor-widget-heading\" data-id=\"5b39af9\" data-element_type=\"widget\" data-widget_type=\"heading.default\">\n\t\t\t\t<div class=\"elementor-widget-container\">\n\t\t\t\t\t<h2 class=\"elementor-heading-title elementor-size-default\">75-79 Jahre (geboren zwischen 1951 und 1947)<\/h2>\t\t\t\t<\/div>\n\t\t\t\t<\/div>\n\t\t\t\t<div class=\"elementor-element elementor-element-ff2f15b elementor-widget__width-initial elementor-widget elementor-widget-heading\" data-id=\"ff2f15b\" data-element_type=\"widget\" data-widget_type=\"heading.default\">\n\t\t\t\t<div class=\"elementor-widget-container\">\n\t\t\t\t\t<h2 class=\"elementor-heading-title elementor-size-default\">80+ Jahre (geboren 1946 oder fr\u00fcher)\n<\/h2>\t\t\t\t<\/div>\n\t\t\t\t<\/div>\n\t\t\t\t<div class=\"elementor-element elementor-element-d1ef077 elementor-widget__width-initial elementor-widget elementor-widget-text-editor\" data-id=\"d1ef077\" data-element_type=\"widget\" data-widget_type=\"text-editor.default\">\n\t\t\t\t<div class=\"elementor-widget-container\">\n\t\t\t\t\t\t\t\t\t<p><span style=\"color: #1cabcc;\"><b>Teilnahmegeb\u00fchr<\/b><\/span><\/p><p><span style=\"font-weight: 400;\">70 \u20ac <\/span> <span style=\"font-weight: 400;\">Teilnahmegeb\u00fchr f\u00fcr Spieler bei einer beim Veranstalter gebuchten Unterkunft<\/span><\/p><p><span style=\"font-weight: 400;\">150 \u20ac <\/span> <span style=\"font-weight: 400;\">Startgeb\u00fchr f\u00fcr Spieler ohne Unterkunft <\/span><\/p><p><span style=\"font-weight: 400;\">kostenlos <\/span> <span style=\"font-weight: 400;\">Gast-\/Begleitperson-Geb\u00fchr<\/span><\/p><p><span style=\"color: #1cabcc;\"><b>Teilnahmegeb\u00fchr beinhaltet<\/b><\/span><\/p><ul><li>Teilnahme am Turnier<\/li><li>Turnier-T-Shirt (dry fit)<\/li><li>Informationsmaterial<\/li><li>Teilnahmezertifikat<\/li><li>Teilnahme an der Siegerehrung und Abschlussfeier<\/li><li>Treffen mit VIP-Tischtennisspielern<\/li><li>Verf\u00fcgbare Fotogalerie<\/li><li>Organisierte Reise\/Erlebnis im Zielort<\/li><li>Nutzung der Sporteinrichtungen am Ankunftstag (4. M\u00e4rz 2026)<\/li><li>Ausstellungsspiel zwischen Zoran Primorac \/ Kalinikos Kreanga<\/li><\/ul><p><span style=\"color: #1cabcc;\"><b>Filmaufnahmen <\/b><\/span><\/p><p><span style=\"font-weight: 400;\">Spieler k\u00f6nnen ihre eigenen Matches filmen.<\/span><\/p><p><span style=\"color: #1cabcc;\"><b><br \/>Sieger und Abschlusszeremonie<\/b><\/span><\/p><p><span style=\"font-weight: 400;\">Am Samstag, den 7. M\u00e4rz 2026 um 18:00 Uhr In der Sporthalle Saline<\/span><\/p><p><span style=\"font-weight: 400;\">Am Veranstaltungsort Sporthalle Saline Vrsar<\/span><\/p><p><span style=\"color: #1cabcc;\"><b>\u00c4rztliche Untersuchung<\/b><\/span><\/p><p><span style=\"font-weight: 400;\">F\u00fcr alle ausl\u00e4ndischen Teilnehmer empfehlen wir eine Reiseversicherung. F\u00fcr EU-Teilnehmer wird<br \/>eine Europ\u00e4ische Krankenversicherungskarte empfohlen. <\/span><\/p><p><span style=\"color: #1cabcc;\"><b>Verletzung\/Krankheit<\/b><\/span><\/p><p><span style=\"font-weight: 400;\">Teilnehmende Spieler sind f\u00fcr ihre k\u00f6rperliche und geistige Gesundheit selbst verantwortlich. Es wird<br \/>empfohlen, sich vor dem Turnier \u00e4rztlich untersuchen zu lassen. <\/span><\/p><p><span style=\"font-weight: 400;\">Das Organisationskomitee<br \/>\u00fcbernimmt keine Krankenversicherung f\u00fcr Teilnehmer. Kosten f\u00fcr Medikamente, Verb\u00e4nde oder<br \/>andere medizinische Leistungen werden nicht vom Organisationskomitee \u00fcbernommen. Erste-<br \/>Hilfe\/medizinisches Personal ist w\u00e4hrend der gesamten Veranstaltung vor Ort. <\/span><\/p>\t\t\t\t\t\t\t\t<\/div>\n\t\t\t\t<\/div>\n\t\t<div class=\"elementor-element elementor-element-6a96405 e-con-full e-flex e-con e-child\" data-id=\"6a96405\" data-element_type=\"container\">\n\t\t\t\t<div class=\"elementor-element elementor-element-f0c888b elementor-align-center elementor-widget elementor-widget-button\" data-id=\"f0c888b\" data-element_type=\"widget\" data-widget_type=\"button.default\">\n\t\t\t\t<div class=\"elementor-widget-container\">\n\t\t\t\t\t\t\t\t\t<div class=\"elementor-button-wrapper\">\n\t\t\t\t\t<a class=\"elementor-button elementor-button-link elementor-size-sm\" href=\"https:\/\/stoneracketistria.com\/wp-content\/uploads\/2025\/10\/PROSPECTUS-FINALNI-DE-2026.pdf\">\n\t\t\t\t\t\t<span class=\"elementor-button-content-wrapper\">\n\t\t\t\t\t\t<span class=\"elementor-button-icon\">\n\t\t\t\t<svg aria-hidden=\"true\" class=\"e-font-icon-svg e-fas-cloud-download-alt\" viewBox=\"0 0 640 512\" xmlns=\"http:\/\/www.w3.org\/2000\/svg\"><path d=\"M537.6 226.6c4.1-10.7 6.4-22.4 6.4-34.6 0-53-43-96-96-96-19.7 0-38.1 6-53.3 16.2C367 64.2 315.3 32 256 32c-88.4 0-160 71.6-160 160 0 2.7.1 5.4.2 8.1C40.2 219.8 0 273.2 0 336c0 79.5 64.5 144 144 144h368c70.7 0 128-57.3 128-128 0-61.9-44-113.6-102.4-125.4zm-132.9 88.7L299.3 420.7c-6.2 6.2-16.4 6.2-22.6 0L171.3 315.3c-10.1-10.1-2.9-27.3 11.3-27.3H248V176c0-8.8 7.2-16 16-16h48c8.8 0 16 7.2 16 16v112h65.4c14.2 0 21.4 17.2 11.3 27.3z\"><\/path><\/svg>\t\t\t<\/span>\n\t\t\t\t\t\t\t\t\t<span class=\"elementor-button-text\">Laden Sie die Turnierinformationen herunter <\/span>\n\t\t\t\t\t<\/span>\n\t\t\t\t\t<\/a>\n\t\t\t\t<\/div>\n\t\t\t\t\t\t\t\t<\/div>\n\t\t\t\t<\/div>\n\t\t\t\t<\/div>\n\t\t\t\t<\/div>\n\t\t\t\t\t<\/div>\n\t\t\t\t<\/div>\n\t\t\t\t<\/div>\n\t\t","protected":false},"excerpt":{"rendered":"<p>Veranstaltungen Spielsystem Jede Einzel- und Doppel-Kategorie wird im Best-of-Five-Format (bis 3 gewonnenen Spielen) gespielt. Die Qualifikationsrunde wird in Gruppen (jeder gegen jeden) gespielt.Bevorzugt wird eine Gruppe von vier Spielern (je nach Anzahl der Anmeldungen). Die Erst- und Zweitplatzierten kommen in die Hauptrunde, die Dritt- undViertplatzierten spielen im Trostlauf, falls sie dies w\u00fcnschen und dies sofortnach [&hellip;]<\/p>\n","protected":false},"author":1,"featured_media":0,"parent":0,"menu_order":0,"comment_status":"closed","ping_status":"closed","template":"elementor_header_footer","meta":{"footnotes":""},"class_list":["post-850","page","type-page","status-publish","hentry"],"yoast_head":"<!-- This site is optimized with the Yoast SEO plugin v26.1.1 - https:\/\/yoast.com\/wordpress\/plugins\/seo\/ -->\n<title>KATEGORIEN UND EREIGNISSE - Stone Racket Istria<\/title>\n<meta name=\"robots\" content=\"index, follow, max-snippet:-1, max-image-preview:large, max-video-preview:-1\" \/>\n<link rel=\"canonical\" href=\"https:\/\/stoneracketistria.com\/de\/kategorien-und-ereignisse\/\" \/>\n<meta property=\"og:locale\" content=\"de_DE\" \/>\n<meta property=\"og:type\" content=\"article\" \/>\n<meta property=\"og:title\" content=\"KATEGORIEN UND EREIGNISSE - Stone Racket Istria\" \/>\n<meta property=\"og:description\" content=\"Veranstaltungen Spielsystem Jede Einzel- und Doppel-Kategorie wird im Best-of-Five-Format (bis 3 gewonnenen Spielen) gespielt. Die Qualifikationsrunde wird in Gruppen (jeder gegen jeden) gespielt.Bevorzugt wird eine Gruppe von vier Spielern (je nach Anzahl der Anmeldungen). Die Erst- und Zweitplatzierten kommen in die Hauptrunde, die Dritt- undViertplatzierten spielen im Trostlauf, falls sie dies w\u00fcnschen und dies sofortnach [&hellip;]\" \/>\n<meta property=\"og:url\" content=\"https:\/\/stoneracketistria.com\/de\/kategorien-und-ereignisse\/\" \/>\n<meta property=\"og:site_name\" content=\"Stone Racket Istria\" \/>\n<meta property=\"article:modified_time\" content=\"2026-02-24T11:44:52+00:00\" \/>\n<meta name=\"twitter:card\" content=\"summary_large_image\" \/>\n<meta name=\"twitter:label1\" content=\"Gesch\u00e4tzte Lesezeit\" \/>\n\t<meta name=\"twitter:data1\" content=\"4\u00a0Minuten\" \/>\n<script type=\"application\/ld+json\" class=\"yoast-schema-graph\">{\"@context\":\"https:\/\/schema.org\",\"@graph\":[{\"@type\":\"WebPage\",\"@id\":\"https:\/\/stoneracketistria.com\/de\/kategorien-und-ereignisse\/\",\"url\":\"https:\/\/stoneracketistria.com\/de\/kategorien-und-ereignisse\/\",\"name\":\"KATEGORIEN UND EREIGNISSE - Stone Racket Istria\",\"isPartOf\":{\"@id\":\"https:\/\/stoneracketistria.com\/de\/#website\"},\"datePublished\":\"2024-08-02T08:10:13+00:00\",\"dateModified\":\"2026-02-24T11:44:52+00:00\",\"breadcrumb\":{\"@id\":\"https:\/\/stoneracketistria.com\/de\/kategorien-und-ereignisse\/#breadcrumb\"},\"inLanguage\":\"de\",\"potentialAction\":[{\"@type\":\"ReadAction\",\"target\":[\"https:\/\/stoneracketistria.com\/de\/kategorien-und-ereignisse\/\"]}]},{\"@type\":\"BreadcrumbList\",\"@id\":\"https:\/\/stoneracketistria.com\/de\/kategorien-und-ereignisse\/#breadcrumb\",\"itemListElement\":[{\"@type\":\"ListItem\",\"position\":1,\"name\":\"Home\",\"item\":\"https:\/\/stoneracketistria.com\/de\/\"},{\"@type\":\"ListItem\",\"position\":2,\"name\":\"KATEGORIEN UND EREIGNISSE\"}]},{\"@type\":\"WebSite\",\"@id\":\"https:\/\/stoneracketistria.com\/de\/#website\",\"url\":\"https:\/\/stoneracketistria.com\/de\/\",\"name\":\"Stone Racket Istria\",\"description\":\"International Masters Table Tennis Tournament &ndash; VRSAR 2025\",\"publisher\":{\"@id\":\"https:\/\/stoneracketistria.com\/de\/#organization\"},\"potentialAction\":[{\"@type\":\"SearchAction\",\"target\":{\"@type\":\"EntryPoint\",\"urlTemplate\":\"https:\/\/stoneracketistria.com\/de\/?s={search_term_string}\"},\"query-input\":{\"@type\":\"PropertyValueSpecification\",\"valueRequired\":true,\"valueName\":\"search_term_string\"}}],\"inLanguage\":\"de\"},{\"@type\":\"Organization\",\"@id\":\"https:\/\/stoneracketistria.com\/de\/#organization\",\"name\":\"Stone Racket Istria\",\"url\":\"https:\/\/stoneracketistria.com\/de\/\",\"logo\":{\"@type\":\"ImageObject\",\"inLanguage\":\"de\",\"@id\":\"https:\/\/stoneracketistria.com\/de\/#\/schema\/logo\/image\/\",\"url\":\"https:\/\/stoneracketistria.com\/wp-content\/uploads\/2025\/06\/cropped-STONE-RACKET_-Logo_Final_-Variations___-Primary_-Dark-BKG-copy-2-scaled-1.png\",\"contentUrl\":\"https:\/\/stoneracketistria.com\/wp-content\/uploads\/2025\/06\/cropped-STONE-RACKET_-Logo_Final_-Variations___-Primary_-Dark-BKG-copy-2-scaled-1.png\",\"width\":2556,\"height\":1353,\"caption\":\"Stone Racket Istria\"},\"image\":{\"@id\":\"https:\/\/stoneracketistria.com\/de\/#\/schema\/logo\/image\/\"}}]}<\/script>\n<!-- \/ Yoast SEO plugin. -->","yoast_head_json":{"title":"KATEGORIEN UND EREIGNISSE - Stone Racket Istria","robots":{"index":"index","follow":"follow","max-snippet":"max-snippet:-1","max-image-preview":"max-image-preview:large","max-video-preview":"max-video-preview:-1"},"canonical":"https:\/\/stoneracketistria.com\/de\/kategorien-und-ereignisse\/","og_locale":"de_DE","og_type":"article","og_title":"KATEGORIEN UND EREIGNISSE - Stone Racket Istria","og_description":"Veranstaltungen Spielsystem Jede Einzel- und Doppel-Kategorie wird im Best-of-Five-Format (bis 3 gewonnenen Spielen) gespielt. Die Qualifikationsrunde wird in Gruppen (jeder gegen jeden) gespielt.Bevorzugt wird eine Gruppe von vier Spielern (je nach Anzahl der Anmeldungen). Die Erst- und Zweitplatzierten kommen in die Hauptrunde, die Dritt- undViertplatzierten spielen im Trostlauf, falls sie dies w\u00fcnschen und dies sofortnach [&hellip;]","og_url":"https:\/\/stoneracketistria.com\/de\/kategorien-und-ereignisse\/","og_site_name":"Stone Racket Istria","article_modified_time":"2026-02-24T11:44:52+00:00","twitter_card":"summary_large_image","twitter_misc":{"Gesch\u00e4tzte Lesezeit":"4\u00a0Minuten"},"schema":{"@context":"https:\/\/schema.org","@graph":[{"@type":"WebPage","@id":"https:\/\/stoneracketistria.com\/de\/kategorien-und-ereignisse\/","url":"https:\/\/stoneracketistria.com\/de\/kategorien-und-ereignisse\/","name":"KATEGORIEN UND EREIGNISSE - Stone Racket Istria","isPartOf":{"@id":"https:\/\/stoneracketistria.com\/de\/#website"},"datePublished":"2024-08-02T08:10:13+00:00","dateModified":"2026-02-24T11:44:52+00:00","breadcrumb":{"@id":"https:\/\/stoneracketistria.com\/de\/kategorien-und-ereignisse\/#breadcrumb"},"inLanguage":"de","potentialAction":[{"@type":"ReadAction","target":["https:\/\/stoneracketistria.com\/de\/kategorien-und-ereignisse\/"]}]},{"@type":"BreadcrumbList","@id":"https:\/\/stoneracketistria.com\/de\/kategorien-und-ereignisse\/#breadcrumb","itemListElement":[{"@type":"ListItem","position":1,"name":"Home","item":"https:\/\/stoneracketistria.com\/de\/"},{"@type":"ListItem","position":2,"name":"KATEGORIEN UND EREIGNISSE"}]},{"@type":"WebSite","@id":"https:\/\/stoneracketistria.com\/de\/#website","url":"https:\/\/stoneracketistria.com\/de\/","name":"Stone Racket Istria","description":"International Masters Table Tennis Tournament &ndash; VRSAR 2025","publisher":{"@id":"https:\/\/stoneracketistria.com\/de\/#organization"},"potentialAction":[{"@type":"SearchAction","target":{"@type":"EntryPoint","urlTemplate":"https:\/\/stoneracketistria.com\/de\/?s={search_term_string}"},"query-input":{"@type":"PropertyValueSpecification","valueRequired":true,"valueName":"search_term_string"}}],"inLanguage":"de"},{"@type":"Organization","@id":"https:\/\/stoneracketistria.com\/de\/#organization","name":"Stone Racket Istria","url":"https:\/\/stoneracketistria.com\/de\/","logo":{"@type":"ImageObject","inLanguage":"de","@id":"https:\/\/stoneracketistria.com\/de\/#\/schema\/logo\/image\/","url":"https:\/\/stoneracketistria.com\/wp-content\/uploads\/2025\/06\/cropped-STONE-RACKET_-Logo_Final_-Variations___-Primary_-Dark-BKG-copy-2-scaled-1.png","contentUrl":"https:\/\/stoneracketistria.com\/wp-content\/uploads\/2025\/06\/cropped-STONE-RACKET_-Logo_Final_-Variations___-Primary_-Dark-BKG-copy-2-scaled-1.png","width":2556,"height":1353,"caption":"Stone Racket Istria"},"image":{"@id":"https:\/\/stoneracketistria.com\/de\/#\/schema\/logo\/image\/"}}]}},"_links":{"self":[{"href":"https:\/\/stoneracketistria.com\/de\/wp-json\/wp\/v2\/pages\/850","targetHints":{"allow":["GET"]}}],"collection":[{"href":"https:\/\/stoneracketistria.com\/de\/wp-json\/wp\/v2\/pages"}],"about":[{"href":"https:\/\/stoneracketistria.com\/de\/wp-json\/wp\/v2\/types\/page"}],"author":[{"embeddable":true,"href":"https:\/\/stoneracketistria.com\/de\/wp-json\/wp\/v2\/users\/1"}],"replies":[{"embeddable":true,"href":"https:\/\/stoneracketistria.com\/de\/wp-json\/wp\/v2\/comments?post=850"}],"version-history":[{"count":94,"href":"https:\/\/stoneracketistria.com\/de\/wp-json\/wp\/v2\/pages\/850\/revisions"}],"predecessor-version":[{"id":2775,"href":"https:\/\/stoneracketistria.com\/de\/wp-json\/wp\/v2\/pages\/850\/revisions\/2775"}],"wp:attachment":[{"href":"https:\/\/stoneracketistria.com\/de\/wp-json\/wp\/v2\/media?parent=850"}],"curies":[{"name":"wp","href":"https:\/\/api.w.org\/{rel}","templated":true}]}}