{"id":856,"date":"2024-08-02T08:35:26","date_gmt":"2024-08-02T08:35:26","guid":{"rendered":"https:\/\/stoneracketistria.com\/unterkunft\/"},"modified":"2025-10-24T15:08:24","modified_gmt":"2025-10-24T15:08:24","slug":"unterkunft","status":"publish","type":"page","link":"https:\/\/stoneracketistria.com\/de\/unterkunft\/","title":{"rendered":"UNTERKUNFT"},"content":{"rendered":"\t\t<div data-elementor-type=\"wp-page\" data-elementor-id=\"856\" class=\"elementor elementor-856 elementor-455\" data-elementor-post-type=\"page\">\n\t\t\t\t<div class=\"elementor-element elementor-element-426eda5 e-flex e-con-boxed e-con e-parent\" data-id=\"426eda5\" data-element_type=\"container\" data-settings=\"{&quot;background_background&quot;:&quot;video&quot;,&quot;background_video_link&quot;:&quot;https:\\\/\\\/res.cloudinary.com\\\/maistra\\\/video\\\/upload\\\/c_fill,g_auto,w_1920,h_1080\\\/q_auto,f_auto\\\/v1676362632\\\/Videos\\\/3.%20Select\\\/Vimeo%202023\\\/hotel_pineta_header_2023_v2_Original_ezhnyr.mp4&quot;}\">\n\t\t\t\t\t<div class=\"e-con-inner\">\n\t\t<div class=\"elementor-background-video-container elementor-hidden-mobile\">\n\t\t\t\t\t\t\t<video class=\"elementor-background-video-hosted elementor-html5-video\" autoplay muted playsinline loop><\/video>\n\t\t\t\t\t<\/div>\t\t<div class=\"elementor-element elementor-element-0125b4f elementor-widget elementor-widget-heading\" data-id=\"0125b4f\" data-element_type=\"widget\" data-widget_type=\"heading.default\">\n\t\t\t\t<div class=\"elementor-widget-container\">\n\t\t\t\t\t<h1 class=\"elementor-heading-title elementor-size-default\">HOSPITALITY\n\n<\/h1>\t\t\t\t<\/div>\n\t\t\t\t<\/div>\n\t\t\t\t\t<\/div>\n\t\t\t\t<\/div>\n\t\t<div class=\"elementor-element elementor-element-c84df38 e-con-full e-flex e-con e-parent\" data-id=\"c84df38\" data-element_type=\"container\" data-settings=\"{&quot;background_background&quot;:&quot;classic&quot;}\">\n\t\t<div class=\"elementor-element elementor-element-467b188 e-flex e-con-boxed e-con e-child\" data-id=\"467b188\" data-element_type=\"container\" data-settings=\"{&quot;background_background&quot;:&quot;classic&quot;}\">\n\t\t\t\t\t<div class=\"e-con-inner\">\n\t\t\t\t<div class=\"elementor-element elementor-element-a7dbc24 elementor-widget elementor-widget-heading\" data-id=\"a7dbc24\" data-element_type=\"widget\" data-widget_type=\"heading.default\">\n\t\t\t\t<div class=\"elementor-widget-container\">\n\t\t\t\t\t<h2 class=\"elementor-heading-title elementor-size-default\">Maistra Select Hotel Pineta*** <\/h2>\t\t\t\t<\/div>\n\t\t\t\t<\/div>\n\t\t\t\t<div class=\"elementor-element elementor-element-f5fe446 elementor-widget elementor-widget-text-editor\" data-id=\"f5fe446\" data-element_type=\"widget\" data-widget_type=\"text-editor.default\">\n\t\t\t\t<div class=\"elementor-widget-container\">\n\t\t\t\t\t\t\t\t\t<p style=\"text-align: left;\"><span style=\"color: #ffffff;\"><span style=\"font-weight: 400;\">Pineta 1<br \/><\/span>52 450 Vrsar, Kroatien<\/span><\/p>\n<p style=\"text-align: left;\"><span style=\"font-weight: 400; color: #ffffff;\">Entfernung zum Veranstaltungsort: 5 min (zu Fu\u00df)<\/span><\/p>\n<p style=\"text-align: left;\"><span style=\"color: #ffffff;\"><a style=\"color: #ffffff;\" href=\"https:\/\/www.maistra.com\/properties\/hotel-pineta\/#\/\"><span style=\"font-weight: 400;\">https:\/\/www.maistra.com\/properties\/hotel-pineta\/#\/<\/span><\/a><\/span><\/p>\n\t\t\t\t\t\t\t\t<\/div>\n\t\t\t\t<\/div>\n\t\t\t\t\t<\/div>\n\t\t\t\t<\/div>\n\t\t\t\t<\/div>\n\t\t<div class=\"elementor-element elementor-element-5dc889b e-flex e-con-boxed e-con e-parent\" data-id=\"5dc889b\" data-element_type=\"container\" data-settings=\"{&quot;background_background&quot;:&quot;classic&quot;}\">\n\t\t\t\t\t<div class=\"e-con-inner\">\n\t\t<div class=\"elementor-element elementor-element-7bed560 e-con-full e-flex e-con e-child\" data-id=\"7bed560\" data-element_type=\"container\">\n\t\t\t\t<div class=\"elementor-element elementor-element-3e5fa23 elementor-widget elementor-widget-image\" data-id=\"3e5fa23\" data-element_type=\"widget\" data-widget_type=\"image.default\">\n\t\t\t\t<div class=\"elementor-widget-container\">\n\t\t\t\t\t\t\t\t\t\t\t\t\t\t\t<img fetchpriority=\"high\" decoding=\"async\" width=\"800\" height=\"574\" src=\"https:\/\/stoneracketistria.com\/wp-content\/uploads\/2024\/07\/Comfortable-rooms-and-suites-with-balconies-and-sea-view-_.jpeg\" class=\"attachment-large size-large wp-image-304\" alt=\"\" srcset=\"https:\/\/stoneracketistria.com\/wp-content\/uploads\/2024\/07\/Comfortable-rooms-and-suites-with-balconies-and-sea-view-_.jpeg 992w, https:\/\/stoneracketistria.com\/wp-content\/uploads\/2024\/07\/Comfortable-rooms-and-suites-with-balconies-and-sea-view-_-300x215.jpeg 300w, https:\/\/stoneracketistria.com\/wp-content\/uploads\/2024\/07\/Comfortable-rooms-and-suites-with-balconies-and-sea-view-_-768x551.jpeg 768w\" sizes=\"(max-width: 800px) 100vw, 800px\" \/>\t\t\t\t\t\t\t\t\t\t\t\t\t\t\t<\/div>\n\t\t\t\t<\/div>\n\t\t\t\t<\/div>\n\t\t<div class=\"elementor-element elementor-element-2d6ca8d e-con-full e-flex e-con e-child\" data-id=\"2d6ca8d\" data-element_type=\"container\">\n\t\t\t\t<div class=\"elementor-element elementor-element-0be15a3 elementor-widget elementor-widget-image\" data-id=\"0be15a3\" data-element_type=\"widget\" data-widget_type=\"image.default\">\n\t\t\t\t<div class=\"elementor-widget-container\">\n\t\t\t\t\t\t\t\t\t\t\t\t\t\t\t<img decoding=\"async\" width=\"2200\" height=\"1520\" src=\"https:\/\/stoneracketistria.com\/wp-content\/uploads\/2024\/07\/download-24.jpeg\" class=\"attachment-full size-full wp-image-306\" alt=\"\" srcset=\"https:\/\/stoneracketistria.com\/wp-content\/uploads\/2024\/07\/download-24.jpeg 2200w, https:\/\/stoneracketistria.com\/wp-content\/uploads\/2024\/07\/download-24-300x207.jpeg 300w, https:\/\/stoneracketistria.com\/wp-content\/uploads\/2024\/07\/download-24-1024x707.jpeg 1024w, https:\/\/stoneracketistria.com\/wp-content\/uploads\/2024\/07\/download-24-768x531.jpeg 768w, https:\/\/stoneracketistria.com\/wp-content\/uploads\/2024\/07\/download-24-1536x1061.jpeg 1536w, https:\/\/stoneracketistria.com\/wp-content\/uploads\/2024\/07\/download-24-2048x1415.jpeg 2048w\" sizes=\"(max-width: 2200px) 100vw, 2200px\" \/>\t\t\t\t\t\t\t\t\t\t\t\t\t\t\t<\/div>\n\t\t\t\t<\/div>\n\t\t\t\t<\/div>\n\t\t<div class=\"elementor-element elementor-element-6889049 e-con-full e-flex e-con e-child\" data-id=\"6889049\" data-element_type=\"container\">\n\t\t\t\t<div class=\"elementor-element elementor-element-e174330 elementor-widget elementor-widget-image\" data-id=\"e174330\" data-element_type=\"widget\" data-widget_type=\"image.default\">\n\t\t\t\t<div class=\"elementor-widget-container\">\n\t\t\t\t\t\t\t\t\t\t\t\t\t\t\t<img decoding=\"async\" width=\"800\" height=\"574\" src=\"https:\/\/stoneracketistria.com\/wp-content\/uploads\/2024\/07\/Economy-double-room.jpeg\" class=\"attachment-large size-large wp-image-307\" alt=\"\" srcset=\"https:\/\/stoneracketistria.com\/wp-content\/uploads\/2024\/07\/Economy-double-room.jpeg 992w, https:\/\/stoneracketistria.com\/wp-content\/uploads\/2024\/07\/Economy-double-room-300x215.jpeg 300w, https:\/\/stoneracketistria.com\/wp-content\/uploads\/2024\/07\/Economy-double-room-768x551.jpeg 768w\" sizes=\"(max-width: 800px) 100vw, 800px\" \/>\t\t\t\t\t\t\t\t\t\t\t\t\t\t\t<\/div>\n\t\t\t\t<\/div>\n\t\t\t\t<\/div>\n\t\t\t\t\t<\/div>\n\t\t\t\t<\/div>\n\t\t<div class=\"elementor-element elementor-element-d5df0b8 e-con-full e-flex e-con e-parent\" data-id=\"d5df0b8\" data-element_type=\"container\" data-settings=\"{&quot;background_background&quot;:&quot;classic&quot;}\">\n\t\t<div class=\"elementor-element elementor-element-c62dd8f e-con-full e-flex e-con e-child\" data-id=\"c62dd8f\" data-element_type=\"container\" data-settings=\"{&quot;background_background&quot;:&quot;classic&quot;}\">\n\t\t\t\t<div class=\"elementor-element elementor-element-875d272 elementor-widget elementor-widget-heading\" data-id=\"875d272\" data-element_type=\"widget\" data-widget_type=\"heading.default\">\n\t\t\t\t<div class=\"elementor-widget-container\">\n\t\t\t\t\t<h2 class=\"elementor-heading-title elementor-size-default\">PREISE\n<\/h2>\t\t\t\t<\/div>\n\t\t\t\t<\/div>\n\t\t\t\t<div class=\"elementor-element elementor-element-70a1ee2 elementor-widget__width-initial elementor-widget elementor-widget-text-editor\" data-id=\"70a1ee2\" data-element_type=\"widget\" data-widget_type=\"text-editor.default\">\n\t\t\t\t<div class=\"elementor-widget-container\">\n\t\t\t\t\t\t\t\t\t<p><b>Service<\/b><\/p><p><span style=\"font-weight: 400;\">Halbpension mit Fr\u00fchst\u00fcck und Abendessen<\/span><\/p><p><strong>Preise auf Basis von Halbpension pro Person<\/strong><\/p><p><span style=\"font-weight: 400;\">Die Preise verstehen sich pro Person und Tag<\/span><\/p><p><span style=\"font-weight: 400;\"><br \/>107.50 \u20ac &#8211; Einzelzimmer<\/span><\/p><p><span style=\"font-weight: 400;\">66.25 \u20ac &#8211; Doppelzimmer<\/span><\/p><p><span style=\"font-weight: 400;\">52.50 \u20ac &#8211; Dreibettzimmer<\/span><\/p><p><span style=\"font-weight: 400;\">35.24 \u20ac &#8211; Ein-Zimmer-Apartment f\u00fcr vier Personen<\/span><\/p><p><span style=\"font-weight: 400;\">33.15 \u20ac &#8211; Zwei-Zimmer-Apartment f\u00fcr f\u00fcnf Personen<\/span><\/p><p><span style=\"font-weight: 400;\">Fr\u00fchbucherangebot<\/span><\/p><p><span style=\"font-weight: 400;\">Alle Reservierungen, die bis zum 1. November 2025 get\u00e4tigt werden, erhalten einen Rabatt von 5%.<\/span><\/p><p><span style=\"color: #1cabcc;\"><b>Preis beinhaltet<\/b><\/span><\/p><ul><li style=\"font-weight: 400;\" aria-level=\"1\"><span style=\"font-weight: 400;\">\u00dcbernachtung mit Fr\u00fchst\u00fcck und Abendessen (reichhaltiges Buffet)<\/span><\/li><li style=\"font-weight: 400;\" aria-level=\"5\"><span style=\"font-weight: 400;\">Innenpool<\/span><\/li><li style=\"font-weight: 400;\" aria-level=\"5\"><span style=\"font-weight: 400;\">Kleines Wellness- und Spa-Bereich<\/span><\/li><li style=\"font-weight: 400;\" aria-level=\"5\"><span style=\"font-weight: 400;\">Kurtaxe<\/span><\/li><li style=\"font-weight: 400;\" aria-level=\"5\"><span style=\"font-weight: 400;\">Mehrwertsteuer<\/span><\/li><li style=\"font-weight: 400;\" aria-level=\"5\"><span style=\"font-weight: 400;\">Parkplatz<\/span><\/li><li style=\"font-weight: 400;\" aria-level=\"5\"><span style=\"font-weight: 400;\">Wi-Fi<\/span><\/li><li style=\"font-weight: 400;\" aria-level=\"5\"><span style=\"font-weight: 400;\">Souvenir als Geschenk<\/span><\/li><\/ul><p><b><span style=\"color: #1cabcc;\"><br \/>Mittagessen-Zuschlag<\/span><\/b><\/p><p><span style=\"font-weight: 400;\">17 \u20ac pro Person und Tag (Buchung bei der Unterkunftsreservierung erforderlich)<\/span><\/p><p><b><span style=\"color: #1cabcc;\">Zahlungsbedingungen<\/span><\/b><\/p><p><span style=\"font-weight: 400;\">Die Zahlung muss per Bank\u00fcberweisung erfolgen.<\/span><\/p><p><span style=\"font-weight: 400;\">Die Anmeldung und die Buchungsbest\u00e4tigung gelten als endg\u00fcltig, wenn die Anzahlung von 30% bis zum 1. Dezember 2025 geleistet wird. Die Zahlung des Restbetrags (70%) muss sp\u00e4testens bis zum 15. Januar 2026 erfolgen. Sollte die Zahlung nicht bis zum genannten Termin erfolgen, wird die Anmeldung nicht registriert. <\/span><\/p><p><span style=\"font-weight: 400;\">Kontoinhaber: GRAND TOUR TA<\/span><\/p><p><span style=\"font-weight: 400;\">Bankname: ERSTESTEIERM\u00c4RKISCHE BANK d.d.<\/span><\/p><p><span style=\"font-weight: 400;\">Postanschrift der Bank: JADRANSKI TRG 3a, 51000 RIJEKA, KROATIEN<\/span><\/p><p><span style=\"font-weight: 400;\">IBAN-Nummer: HR0224020061140442863<\/span><\/p><p><span style=\"font-weight: 400;\">SWIFT-BIC-Nummer: ESBCHR22<\/span><\/p><p><strong><span style=\"color: #1cabcc;\">Stornierungsbedingungen <\/span><\/strong><b> <\/b><\/p><p><span style=\"font-weight: 400;\">Die Teilnahmegeb\u00fchr ist nicht erstattungsf\u00e4hig.<\/span><\/p><p><span style=\"font-weight: 400;\">Unterkunft:<\/span> <br \/><span style=\"font-weight: 400;\">Bis 60 Tage vor Anreise \u2013 kostenlos<\/span><\/p><p><span style=\"font-weight: 400;\">59 bis 30 Tage vor Anreise \u2013 30 % Geb\u00fchr<\/span><\/p><p><span style=\"font-weight: 400;\">30 Tage bis Anreisedatum und No Show \u2013 100 % Geb\u00fchr<\/span><\/p><p><span style=\"font-weight: 400;\">Im Falle einer Krankheit, die eine Krankenhausaufnahme erfordert oder eine Vermeidung des Reisens (dokumentiert durch \u00e4rztliche Bescheinigung), erfolgt eine vollst\u00e4ndige R\u00fcckerstattung. <\/span><\/p><p><b><br \/><span style=\"color: #1cabcc;\">Visabestimmungen<\/span><\/b><\/p><p><span style=\"font-weight: 400;\">F\u00fcr Spieler, die ein Visum ben\u00f6tigen, senden Sie bitte umgehend eine gescannte Kopie Ihres Passes mit den folgenden Angaben, die f\u00fcr die Beantragung eines offiziellen Einladungsschreibens erforderlich sind:<\/span><\/p><p><span style=\"font-weight: 400;\">Name, Vorname<\/span><\/p><p><span style=\"font-weight: 400;\">Nationalit\u00e4t<\/span><\/p><p><span style=\"font-weight: 400;\">Reisepassnummer<\/span><\/p><p><span style=\"font-weight: 400;\">Ablauf des Reisepasses<\/span><\/p><p><span style=\"font-weight: 400;\">Geburtsdatum<\/span><\/p><p><b>Kontakt f\u00fcr alle Informationen<\/b><\/p><p><span style=\"color: #1cabcc;\"><a style=\"color: #1cabcc;\" href=\"mailto:contact@stoneracketistria.com\"><b>contact@stoneracketistria.com<\/b><\/a> <\/span><\/p>\t\t\t\t\t\t\t\t<\/div>\n\t\t\t\t<\/div>\n\t\t\t\t<\/div>\n\t\t\t\t<\/div>\n\t\t\t\t<\/div>\n\t\t","protected":false},"excerpt":{"rendered":"<p>HOSPITALITY Maistra Select Hotel Pineta*** Pineta 152 450 Vrsar, Kroatien Entfernung zum Veranstaltungsort: 5 min (zu Fu\u00df) https:\/\/www.maistra.com\/properties\/hotel-pineta\/#\/ PREISE Service Halbpension mit Fr\u00fchst\u00fcck und Abendessen Preise auf Basis von Halbpension pro Person Die Preise verstehen sich pro Person und Tag 107.50 \u20ac &#8211; Einzelzimmer 66.25 \u20ac &#8211; Doppelzimmer 52.50 \u20ac &#8211; Dreibettzimmer 35.24 \u20ac &#8211; [&hellip;]<\/p>\n","protected":false},"author":1,"featured_media":0,"parent":0,"menu_order":0,"comment_status":"closed","ping_status":"closed","template":"elementor_header_footer","meta":{"footnotes":""},"class_list":["post-856","page","type-page","status-publish","hentry"],"yoast_head":"<!-- This site is optimized with the Yoast SEO plugin v26.1.1 - https:\/\/yoast.com\/wordpress\/plugins\/seo\/ -->\n<title>UNTERKUNFT - Stone Racket Istria<\/title>\n<meta name=\"robots\" content=\"index, follow, max-snippet:-1, max-image-preview:large, max-video-preview:-1\" \/>\n<link rel=\"canonical\" href=\"https:\/\/stoneracketistria.com\/de\/unterkunft\/\" \/>\n<meta property=\"og:locale\" content=\"de_DE\" \/>\n<meta property=\"og:type\" content=\"article\" \/>\n<meta property=\"og:title\" content=\"UNTERKUNFT - Stone Racket Istria\" \/>\n<meta property=\"og:description\" content=\"HOSPITALITY Maistra Select Hotel Pineta*** Pineta 152 450 Vrsar, Kroatien Entfernung zum Veranstaltungsort: 5 min (zu Fu\u00df) https:\/\/www.maistra.com\/properties\/hotel-pineta\/#\/ PREISE Service Halbpension mit Fr\u00fchst\u00fcck und Abendessen Preise auf Basis von Halbpension pro Person Die Preise verstehen sich pro Person und Tag 107.50 \u20ac &#8211; Einzelzimmer 66.25 \u20ac &#8211; Doppelzimmer 52.50 \u20ac &#8211; Dreibettzimmer 35.24 \u20ac &#8211; [&hellip;]\" \/>\n<meta property=\"og:url\" content=\"https:\/\/stoneracketistria.com\/de\/unterkunft\/\" \/>\n<meta property=\"og:site_name\" content=\"Stone Racket Istria\" \/>\n<meta property=\"article:modified_time\" content=\"2025-10-24T15:08:24+00:00\" \/>\n<meta property=\"og:image\" content=\"https:\/\/stoneracketistria.com\/wp-content\/uploads\/2024\/07\/Comfortable-rooms-and-suites-with-balconies-and-sea-view-_.jpeg\" \/>\n\t<meta property=\"og:image:width\" content=\"992\" \/>\n\t<meta property=\"og:image:height\" content=\"712\" \/>\n\t<meta property=\"og:image:type\" content=\"image\/jpeg\" \/>\n<meta name=\"twitter:card\" content=\"summary_large_image\" \/>\n<meta name=\"twitter:label1\" content=\"Gesch\u00e4tzte Lesezeit\" \/>\n\t<meta name=\"twitter:data1\" content=\"3\u00a0Minuten\" \/>\n<script type=\"application\/ld+json\" class=\"yoast-schema-graph\">{\"@context\":\"https:\/\/schema.org\",\"@graph\":[{\"@type\":\"WebPage\",\"@id\":\"https:\/\/stoneracketistria.com\/de\/unterkunft\/\",\"url\":\"https:\/\/stoneracketistria.com\/de\/unterkunft\/\",\"name\":\"UNTERKUNFT - Stone Racket Istria\",\"isPartOf\":{\"@id\":\"https:\/\/stoneracketistria.com\/de\/#website\"},\"primaryImageOfPage\":{\"@id\":\"https:\/\/stoneracketistria.com\/de\/unterkunft\/#primaryimage\"},\"image\":{\"@id\":\"https:\/\/stoneracketistria.com\/de\/unterkunft\/#primaryimage\"},\"thumbnailUrl\":\"https:\/\/stoneracketistria.com\/wp-content\/uploads\/2024\/07\/Comfortable-rooms-and-suites-with-balconies-and-sea-view-_.jpeg\",\"datePublished\":\"2024-08-02T08:35:26+00:00\",\"dateModified\":\"2025-10-24T15:08:24+00:00\",\"breadcrumb\":{\"@id\":\"https:\/\/stoneracketistria.com\/de\/unterkunft\/#breadcrumb\"},\"inLanguage\":\"de\",\"potentialAction\":[{\"@type\":\"ReadAction\",\"target\":[\"https:\/\/stoneracketistria.com\/de\/unterkunft\/\"]}]},{\"@type\":\"ImageObject\",\"inLanguage\":\"de\",\"@id\":\"https:\/\/stoneracketistria.com\/de\/unterkunft\/#primaryimage\",\"url\":\"https:\/\/stoneracketistria.com\/wp-content\/uploads\/2024\/07\/Comfortable-rooms-and-suites-with-balconies-and-sea-view-_.jpeg\",\"contentUrl\":\"https:\/\/stoneracketistria.com\/wp-content\/uploads\/2024\/07\/Comfortable-rooms-and-suites-with-balconies-and-sea-view-_.jpeg\"},{\"@type\":\"BreadcrumbList\",\"@id\":\"https:\/\/stoneracketistria.com\/de\/unterkunft\/#breadcrumb\",\"itemListElement\":[{\"@type\":\"ListItem\",\"position\":1,\"name\":\"Home\",\"item\":\"https:\/\/stoneracketistria.com\/de\/\"},{\"@type\":\"ListItem\",\"position\":2,\"name\":\"UNTERKUNFT\"}]},{\"@type\":\"WebSite\",\"@id\":\"https:\/\/stoneracketistria.com\/de\/#website\",\"url\":\"https:\/\/stoneracketistria.com\/de\/\",\"name\":\"Stone Racket Istria\",\"description\":\"International Masters Table Tennis Tournament &ndash; VRSAR 2025\",\"publisher\":{\"@id\":\"https:\/\/stoneracketistria.com\/de\/#organization\"},\"potentialAction\":[{\"@type\":\"SearchAction\",\"target\":{\"@type\":\"EntryPoint\",\"urlTemplate\":\"https:\/\/stoneracketistria.com\/de\/?s={search_term_string}\"},\"query-input\":{\"@type\":\"PropertyValueSpecification\",\"valueRequired\":true,\"valueName\":\"search_term_string\"}}],\"inLanguage\":\"de\"},{\"@type\":\"Organization\",\"@id\":\"https:\/\/stoneracketistria.com\/de\/#organization\",\"name\":\"Stone Racket Istria\",\"url\":\"https:\/\/stoneracketistria.com\/de\/\",\"logo\":{\"@type\":\"ImageObject\",\"inLanguage\":\"de\",\"@id\":\"https:\/\/stoneracketistria.com\/de\/#\/schema\/logo\/image\/\",\"url\":\"https:\/\/stoneracketistria.com\/wp-content\/uploads\/2025\/06\/cropped-STONE-RACKET_-Logo_Final_-Variations___-Primary_-Dark-BKG-copy-2-scaled-1.png\",\"contentUrl\":\"https:\/\/stoneracketistria.com\/wp-content\/uploads\/2025\/06\/cropped-STONE-RACKET_-Logo_Final_-Variations___-Primary_-Dark-BKG-copy-2-scaled-1.png\",\"width\":2556,\"height\":1353,\"caption\":\"Stone Racket Istria\"},\"image\":{\"@id\":\"https:\/\/stoneracketistria.com\/de\/#\/schema\/logo\/image\/\"}}]}<\/script>\n<!-- \/ Yoast SEO plugin. -->","yoast_head_json":{"title":"UNTERKUNFT - Stone Racket Istria","robots":{"index":"index","follow":"follow","max-snippet":"max-snippet:-1","max-image-preview":"max-image-preview:large","max-video-preview":"max-video-preview:-1"},"canonical":"https:\/\/stoneracketistria.com\/de\/unterkunft\/","og_locale":"de_DE","og_type":"article","og_title":"UNTERKUNFT - Stone Racket Istria","og_description":"HOSPITALITY Maistra Select Hotel Pineta*** Pineta 152 450 Vrsar, Kroatien Entfernung zum Veranstaltungsort: 5 min (zu Fu\u00df) https:\/\/www.maistra.com\/properties\/hotel-pineta\/#\/ PREISE Service Halbpension mit Fr\u00fchst\u00fcck und Abendessen Preise auf Basis von Halbpension pro Person Die Preise verstehen sich pro Person und Tag 107.50 \u20ac &#8211; Einzelzimmer 66.25 \u20ac &#8211; Doppelzimmer 52.50 \u20ac &#8211; Dreibettzimmer 35.24 \u20ac &#8211; [&hellip;]","og_url":"https:\/\/stoneracketistria.com\/de\/unterkunft\/","og_site_name":"Stone Racket Istria","article_modified_time":"2025-10-24T15:08:24+00:00","og_image":[{"width":992,"height":712,"url":"https:\/\/stoneracketistria.com\/wp-content\/uploads\/2024\/07\/Comfortable-rooms-and-suites-with-balconies-and-sea-view-_.jpeg","type":"image\/jpeg"}],"twitter_card":"summary_large_image","twitter_misc":{"Gesch\u00e4tzte Lesezeit":"3\u00a0Minuten"},"schema":{"@context":"https:\/\/schema.org","@graph":[{"@type":"WebPage","@id":"https:\/\/stoneracketistria.com\/de\/unterkunft\/","url":"https:\/\/stoneracketistria.com\/de\/unterkunft\/","name":"UNTERKUNFT - Stone Racket Istria","isPartOf":{"@id":"https:\/\/stoneracketistria.com\/de\/#website"},"primaryImageOfPage":{"@id":"https:\/\/stoneracketistria.com\/de\/unterkunft\/#primaryimage"},"image":{"@id":"https:\/\/stoneracketistria.com\/de\/unterkunft\/#primaryimage"},"thumbnailUrl":"https:\/\/stoneracketistria.com\/wp-content\/uploads\/2024\/07\/Comfortable-rooms-and-suites-with-balconies-and-sea-view-_.jpeg","datePublished":"2024-08-02T08:35:26+00:00","dateModified":"2025-10-24T15:08:24+00:00","breadcrumb":{"@id":"https:\/\/stoneracketistria.com\/de\/unterkunft\/#breadcrumb"},"inLanguage":"de","potentialAction":[{"@type":"ReadAction","target":["https:\/\/stoneracketistria.com\/de\/unterkunft\/"]}]},{"@type":"ImageObject","inLanguage":"de","@id":"https:\/\/stoneracketistria.com\/de\/unterkunft\/#primaryimage","url":"https:\/\/stoneracketistria.com\/wp-content\/uploads\/2024\/07\/Comfortable-rooms-and-suites-with-balconies-and-sea-view-_.jpeg","contentUrl":"https:\/\/stoneracketistria.com\/wp-content\/uploads\/2024\/07\/Comfortable-rooms-and-suites-with-balconies-and-sea-view-_.jpeg"},{"@type":"BreadcrumbList","@id":"https:\/\/stoneracketistria.com\/de\/unterkunft\/#breadcrumb","itemListElement":[{"@type":"ListItem","position":1,"name":"Home","item":"https:\/\/stoneracketistria.com\/de\/"},{"@type":"ListItem","position":2,"name":"UNTERKUNFT"}]},{"@type":"WebSite","@id":"https:\/\/stoneracketistria.com\/de\/#website","url":"https:\/\/stoneracketistria.com\/de\/","name":"Stone Racket Istria","description":"International Masters Table Tennis Tournament &ndash; VRSAR 2025","publisher":{"@id":"https:\/\/stoneracketistria.com\/de\/#organization"},"potentialAction":[{"@type":"SearchAction","target":{"@type":"EntryPoint","urlTemplate":"https:\/\/stoneracketistria.com\/de\/?s={search_term_string}"},"query-input":{"@type":"PropertyValueSpecification","valueRequired":true,"valueName":"search_term_string"}}],"inLanguage":"de"},{"@type":"Organization","@id":"https:\/\/stoneracketistria.com\/de\/#organization","name":"Stone Racket Istria","url":"https:\/\/stoneracketistria.com\/de\/","logo":{"@type":"ImageObject","inLanguage":"de","@id":"https:\/\/stoneracketistria.com\/de\/#\/schema\/logo\/image\/","url":"https:\/\/stoneracketistria.com\/wp-content\/uploads\/2025\/06\/cropped-STONE-RACKET_-Logo_Final_-Variations___-Primary_-Dark-BKG-copy-2-scaled-1.png","contentUrl":"https:\/\/stoneracketistria.com\/wp-content\/uploads\/2025\/06\/cropped-STONE-RACKET_-Logo_Final_-Variations___-Primary_-Dark-BKG-copy-2-scaled-1.png","width":2556,"height":1353,"caption":"Stone Racket Istria"},"image":{"@id":"https:\/\/stoneracketistria.com\/de\/#\/schema\/logo\/image\/"}}]}},"_links":{"self":[{"href":"https:\/\/stoneracketistria.com\/de\/wp-json\/wp\/v2\/pages\/856","targetHints":{"allow":["GET"]}}],"collection":[{"href":"https:\/\/stoneracketistria.com\/de\/wp-json\/wp\/v2\/pages"}],"about":[{"href":"https:\/\/stoneracketistria.com\/de\/wp-json\/wp\/v2\/types\/page"}],"author":[{"embeddable":true,"href":"https:\/\/stoneracketistria.com\/de\/wp-json\/wp\/v2\/users\/1"}],"replies":[{"embeddable":true,"href":"https:\/\/stoneracketistria.com\/de\/wp-json\/wp\/v2\/comments?post=856"}],"version-history":[{"count":35,"href":"https:\/\/stoneracketistria.com\/de\/wp-json\/wp\/v2\/pages\/856\/revisions"}],"predecessor-version":[{"id":2623,"href":"https:\/\/stoneracketistria.com\/de\/wp-json\/wp\/v2\/pages\/856\/revisions\/2623"}],"wp:attachment":[{"href":"https:\/\/stoneracketistria.com\/de\/wp-json\/wp\/v2\/media?parent=856"}],"curies":[{"name":"wp","href":"https:\/\/api.w.org\/{rel}","templated":true}]}}