{"id":866,"date":"2024-08-02T10:27:39","date_gmt":"2024-08-02T10:27:39","guid":{"rendered":"https:\/\/stoneracketistria.com\/vrsar\/"},"modified":"2025-10-21T09:29:51","modified_gmt":"2025-10-21T09:29:51","slug":"vrsar","status":"publish","type":"page","link":"https:\/\/stoneracketistria.com\/de\/vrsar\/","title":{"rendered":"Vrsar"},"content":{"rendered":"\t\t<div data-elementor-type=\"wp-page\" data-elementor-id=\"866\" class=\"elementor elementor-866 elementor-532\" data-elementor-post-type=\"page\">\n\t\t\t\t<div class=\"elementor-element elementor-element-33c1450 e-flex e-con-boxed e-con e-parent\" data-id=\"33c1450\" data-element_type=\"container\" data-settings=\"{&quot;background_background&quot;:&quot;classic&quot;}\">\n\t\t\t\t\t<div class=\"e-con-inner\">\n\t\t\t\t<div class=\"elementor-element elementor-element-78a31e1 elementor-widget elementor-widget-heading\" data-id=\"78a31e1\" data-element_type=\"widget\" data-widget_type=\"heading.default\">\n\t\t\t\t<div class=\"elementor-widget-container\">\n\t\t\t\t\t<h1 class=\"elementor-heading-title elementor-size-default\">Vrsar <\/h1>\t\t\t\t<\/div>\n\t\t\t\t<\/div>\n\t\t\t\t\t<\/div>\n\t\t\t\t<\/div>\n\t\t<div class=\"elementor-element elementor-element-f6612f2 e-con-full e-flex e-con e-parent\" data-id=\"f6612f2\" data-element_type=\"container\" data-settings=\"{&quot;background_background&quot;:&quot;classic&quot;}\">\n\t\t<div class=\"elementor-element elementor-element-a1a7cc0 e-con-full e-flex e-con e-child\" data-id=\"a1a7cc0\" data-element_type=\"container\" data-settings=\"{&quot;background_background&quot;:&quot;classic&quot;}\">\n\t\t\t\t<div class=\"elementor-element elementor-element-24acfb9 elementor-widget elementor-widget-heading\" data-id=\"24acfb9\" data-element_type=\"widget\" data-widget_type=\"heading.default\">\n\t\t\t\t<div class=\"elementor-widget-container\">\n\t\t\t\t\t<h2 class=\"elementor-heading-title elementor-size-default\">Willkommen in Vrsar  <\/h2>\t\t\t\t<\/div>\n\t\t\t\t<\/div>\n\t\t\t\t<div class=\"elementor-element elementor-element-546ab87 elementor-widget__width-initial elementor-widget-mobile__width-initial elementor-widget elementor-widget-text-editor\" data-id=\"546ab87\" data-element_type=\"widget\" data-widget_type=\"text-editor.default\">\n\t\t\t\t<div class=\"elementor-widget-container\">\n\t\t\t\t\t\t\t\t\t<p><span style=\"font-weight: 400;\">Vrsar, bekannt f\u00fcr seine reiche Geschichte und beeindruckenden Landschaften, ist stolzer Gastgeber dieses Sportspektakels.<\/span><\/p>\n<p><span style=\"font-weight: 400;\">Vrsar bewahrt seine Fischereitradition und sein reiches historisches Erbe und zieht seit Jahrzehnten Touristen und K\u00fcnstler an. Gleichzeitig locken die unber\u00fchrte Natur der Lim-Bucht, der Yachthafen und der Sportflughafen Abenteurer und Adrenalinjunkies an.<br \/> <\/span><\/p>\n<p><span style=\"font-weight: 400;\">Die mittelalterliche Altstadt von Vrsar liegt auf einem H\u00fcgel \u00fcber dem Meer und von zahlreichen Aussichtspunkten bietet sich ein unvergesslicher Blick auf das offene Meer und den Archipel aus 18 Inseln. Ein Zufluchtsort f\u00fcr Fischer und Seeleute, eine Inspirationsquelle f\u00fcr K\u00fcnstler, ein Lieblingsort des ber\u00fchmten Casanova \u2013 Vrsar ist ein Ort, der inspiriert. <\/span><\/p>\n<p><span style=\"color: #1cabcc;\"><a style=\"color: #1cabcc;\" href=\"http:\/\/www.infovrsar.com\"><span style=\"font-weight: 400;\">infovrsar.com<\/span><\/a><\/span><\/p>\n\t\t\t\t\t\t\t\t<\/div>\n\t\t\t\t<\/div>\n\t\t\t\t<div class=\"elementor-element elementor-element-b1aeea3 elementor-widget elementor-widget-heading\" data-id=\"b1aeea3\" data-element_type=\"widget\" data-widget_type=\"heading.default\">\n\t\t\t\t<div class=\"elementor-widget-container\">\n\t\t\t\t\t<h2 class=\"elementor-heading-title elementor-size-default\">Ankunft: <\/h2>\t\t\t\t<\/div>\n\t\t\t\t<\/div>\n\t\t\t\t<div class=\"elementor-element elementor-element-3c73013 elementor-widget__width-initial elementor-widget-mobile__width-initial elementor-widget elementor-widget-text-editor\" data-id=\"3c73013\" data-element_type=\"widget\" data-widget_type=\"text-editor.default\">\n\t\t\t\t<div class=\"elementor-widget-container\">\n\t\t\t\t\t\t\t\t\t<p><b>Mit dem Auto<\/b><\/p><p><b>Aus n\u00f6rdlicher Richtung (Italien oder Slovenien):<br \/><\/b><\/p><p><span style=\"font-weight: 400;\">Grenz\u00fcbergang Kastel oder Plovanija &#8211; Autobahn: Mautstelle Umag \u2013 Deli\u0107i (Autobahnausfahrt) &#8211; Klo\u0161tar &#8211; Vrsar<br \/><\/span><\/p><p><span style=\"font-weight: 400;\">Trst &#8211; Kopar &#8211; Kastel \/ Plovanija &#8211; Buje &#8211; entlang der Westk\u00fcste Novigrad &#8211; Porec &#8211; Vrsar<br \/><\/span><\/p><p><b>Aus \u00f6stlicher Richtung: <br \/><\/b><\/p><p><span style=\"font-weight: 400;\">Zagreb &#8211; Rijeka &#8211; Mauttunnel Ucka &#8211; Pazin &#8211; Autobahnkreuz Deli\u0107i (Autobahnausfahrt) &#8211; Klo\u0161tar &#8211; Vrsar<\/span><\/p><p><b>Aus s\u00fcdlicher Richtung:<\/b><\/p><p><span style=\"font-weight: 400;\">Pula &#8211; Vodnjan &#8211; Bale &#8211; Klo\u0161tar &#8211; Vrsar<\/span><\/p><p>\u00a0<\/p><p><b>Pannenhilfe:<\/b><\/p><ol><li><span style=\"font-weight: 400;\"> +385(0)1 1987 (aus Kroatien) <\/span><\/li><li><span style=\"font-weight: 400;\"> +385(0)1 4693 700 (aus dem Ausland) <\/span><\/li><\/ol><p><span style=\"font-weight: 400;\">E-Mail: <\/span><span style=\"text-decoration: underline;\"><span style=\"color: #ffffff;\"><a style=\"color: #ffffff;\" href=\"mailto:1987@hak.hr\"><span style=\"font-weight: 400;\">1987@hak.hr<\/span><\/a><\/span><\/span><\/p><p><span style=\"font-weight: 400;\">Im Falle eines Defekts oder Unfalls rufen Sie an <\/span><span style=\"text-decoration: underline; color: #ffffff;\"><a style=\"color: #ffffff; text-decoration: underline;\" href=\"http:\/\/www.hak.hr\/en\"><span style=\"font-weight: 400;\">HAK (Kroatischer Automobilklub<\/span><\/a><\/span><span style=\"font-weight: 400;\"><span style=\"text-decoration: underline; color: #ffffff;\">)<\/span> Dispatcher-Zentrale Tel. 1987. Die Dienstleistungen werden in bar oder mit Kreditkarte bezahlt. Die HAK ist Mitglied der AIT und der FIA. <\/span><\/p><p><b>Mit dem Flugzeug<\/b><\/p><p><span style=\"font-weight: 400;\">W\u00e4hlen Sie die schnellste Route zu Ihrem Lieblingsziel. Vrsar und Istrien sind dank der N\u00e4he des internationalen Flughafens Pula, der nur etwa 50 km von Vrsar entfernt liegt, attraktive Flugziele. Viele Flugoptionen renommierter Fluggesellschaften bringen Sie schnell und sicher zu den nahe gelegenen Flugh\u00e4fen. <\/span><\/p><p><span style=\"font-weight: 400;\">Flughafen Pula &#8211; 54 km<\/span><\/p><p><span style=\"font-weight: 400;\">www.airport-pula.com<\/span><\/p><p><span style=\"font-weight: 400;\">Flughafen Rijeka &#8211; 123 km<\/span><\/p><p><span style=\"font-weight: 400;\">www.rijeka-airport.hr<\/span><\/p><p><span style=\"font-weight: 400;\">Flughafen Zagreb &#8211; 266 km<\/span><\/p><p><span style=\"font-weight: 400;\">www.zagreb-airport.hr<\/span><\/p><p><span style=\"font-weight: 400;\">Flughafen Ljubljana (Slowenien)- 204 km<\/span><\/p><p><span style=\"font-weight: 400;\">www.lju-airport.si<\/span><\/p><p><span style=\"font-weight: 400;\">Flughafen Triest (Ronchi &#8211; Italien) &#8211; 138 km<\/span><\/p><p><span style=\"font-weight: 400;\">www.aeroporto.fvg.it<\/span><\/p><p><span style=\"font-weight: 400;\">Marco Polo Flughafen (Venedig &#8211; Italien) &#8211; 249 km<\/span><\/p><p><span style=\"font-weight: 400;\">www.veniceairport.it<\/span><\/p><p><span style=\"font-weight: 400;\">Flughafen Treviso (Italien) &#8211; 245 km<\/span><\/p><p><span style=\"font-weight: 400;\">www.trevisoairport.it<\/span><\/p>\t\t\t\t\t\t\t\t<\/div>\n\t\t\t\t<\/div>\n\t\t\t\t<\/div>\n\t\t\t\t<\/div>\n\t\t\t\t<\/div>\n\t\t","protected":false},"excerpt":{"rendered":"<p>Vrsar Willkommen in Vrsar Vrsar, bekannt f\u00fcr seine reiche Geschichte und beeindruckenden Landschaften, ist stolzer Gastgeber dieses Sportspektakels. Vrsar bewahrt seine Fischereitradition und sein reiches historisches Erbe und zieht seit Jahrzehnten Touristen und K\u00fcnstler an. Gleichzeitig locken die unber\u00fchrte Natur der Lim-Bucht, der Yachthafen und der Sportflughafen Abenteurer und Adrenalinjunkies an. Die mittelalterliche Altstadt von [&hellip;]<\/p>\n","protected":false},"author":1,"featured_media":0,"parent":0,"menu_order":0,"comment_status":"closed","ping_status":"closed","template":"elementor_header_footer","meta":{"footnotes":""},"class_list":["post-866","page","type-page","status-publish","hentry"],"yoast_head":"<!-- This site is optimized with the Yoast SEO plugin v26.1.1 - https:\/\/yoast.com\/wordpress\/plugins\/seo\/ -->\n<title>Vrsar - Stone Racket Istria<\/title>\n<meta name=\"robots\" content=\"index, follow, max-snippet:-1, max-image-preview:large, max-video-preview:-1\" \/>\n<link rel=\"canonical\" href=\"https:\/\/stoneracketistria.com\/de\/vrsar\/\" \/>\n<meta property=\"og:locale\" content=\"de_DE\" \/>\n<meta property=\"og:type\" content=\"article\" \/>\n<meta property=\"og:title\" content=\"Vrsar - Stone Racket Istria\" \/>\n<meta property=\"og:description\" content=\"Vrsar Willkommen in Vrsar Vrsar, bekannt f\u00fcr seine reiche Geschichte und beeindruckenden Landschaften, ist stolzer Gastgeber dieses Sportspektakels. Vrsar bewahrt seine Fischereitradition und sein reiches historisches Erbe und zieht seit Jahrzehnten Touristen und K\u00fcnstler an. Gleichzeitig locken die unber\u00fchrte Natur der Lim-Bucht, der Yachthafen und der Sportflughafen Abenteurer und Adrenalinjunkies an. Die mittelalterliche Altstadt von [&hellip;]\" \/>\n<meta property=\"og:url\" content=\"https:\/\/stoneracketistria.com\/de\/vrsar\/\" \/>\n<meta property=\"og:site_name\" content=\"Stone Racket Istria\" \/>\n<meta property=\"article:modified_time\" content=\"2025-10-21T09:29:51+00:00\" \/>\n<meta name=\"twitter:card\" content=\"summary_large_image\" \/>\n<meta name=\"twitter:label1\" content=\"Gesch\u00e4tzte Lesezeit\" \/>\n\t<meta name=\"twitter:data1\" content=\"2\u00a0Minuten\" \/>\n<script type=\"application\/ld+json\" class=\"yoast-schema-graph\">{\"@context\":\"https:\/\/schema.org\",\"@graph\":[{\"@type\":\"WebPage\",\"@id\":\"https:\/\/stoneracketistria.com\/de\/vrsar\/\",\"url\":\"https:\/\/stoneracketistria.com\/de\/vrsar\/\",\"name\":\"Vrsar - Stone Racket Istria\",\"isPartOf\":{\"@id\":\"https:\/\/stoneracketistria.com\/de\/#website\"},\"datePublished\":\"2024-08-02T10:27:39+00:00\",\"dateModified\":\"2025-10-21T09:29:51+00:00\",\"breadcrumb\":{\"@id\":\"https:\/\/stoneracketistria.com\/de\/vrsar\/#breadcrumb\"},\"inLanguage\":\"de\",\"potentialAction\":[{\"@type\":\"ReadAction\",\"target\":[\"https:\/\/stoneracketistria.com\/de\/vrsar\/\"]}]},{\"@type\":\"BreadcrumbList\",\"@id\":\"https:\/\/stoneracketistria.com\/de\/vrsar\/#breadcrumb\",\"itemListElement\":[{\"@type\":\"ListItem\",\"position\":1,\"name\":\"Home\",\"item\":\"https:\/\/stoneracketistria.com\/de\/\"},{\"@type\":\"ListItem\",\"position\":2,\"name\":\"Vrsar\"}]},{\"@type\":\"WebSite\",\"@id\":\"https:\/\/stoneracketistria.com\/de\/#website\",\"url\":\"https:\/\/stoneracketistria.com\/de\/\",\"name\":\"Stone Racket Istria\",\"description\":\"International Masters Table Tennis Tournament &ndash; VRSAR 2025\",\"publisher\":{\"@id\":\"https:\/\/stoneracketistria.com\/de\/#organization\"},\"potentialAction\":[{\"@type\":\"SearchAction\",\"target\":{\"@type\":\"EntryPoint\",\"urlTemplate\":\"https:\/\/stoneracketistria.com\/de\/?s={search_term_string}\"},\"query-input\":{\"@type\":\"PropertyValueSpecification\",\"valueRequired\":true,\"valueName\":\"search_term_string\"}}],\"inLanguage\":\"de\"},{\"@type\":\"Organization\",\"@id\":\"https:\/\/stoneracketistria.com\/de\/#organization\",\"name\":\"Stone Racket Istria\",\"url\":\"https:\/\/stoneracketistria.com\/de\/\",\"logo\":{\"@type\":\"ImageObject\",\"inLanguage\":\"de\",\"@id\":\"https:\/\/stoneracketistria.com\/de\/#\/schema\/logo\/image\/\",\"url\":\"https:\/\/stoneracketistria.com\/wp-content\/uploads\/2025\/06\/cropped-STONE-RACKET_-Logo_Final_-Variations___-Primary_-Dark-BKG-copy-2-scaled-1.png\",\"contentUrl\":\"https:\/\/stoneracketistria.com\/wp-content\/uploads\/2025\/06\/cropped-STONE-RACKET_-Logo_Final_-Variations___-Primary_-Dark-BKG-copy-2-scaled-1.png\",\"width\":2556,\"height\":1353,\"caption\":\"Stone Racket Istria\"},\"image\":{\"@id\":\"https:\/\/stoneracketistria.com\/de\/#\/schema\/logo\/image\/\"}}]}<\/script>\n<!-- \/ Yoast SEO plugin. -->","yoast_head_json":{"title":"Vrsar - Stone Racket Istria","robots":{"index":"index","follow":"follow","max-snippet":"max-snippet:-1","max-image-preview":"max-image-preview:large","max-video-preview":"max-video-preview:-1"},"canonical":"https:\/\/stoneracketistria.com\/de\/vrsar\/","og_locale":"de_DE","og_type":"article","og_title":"Vrsar - Stone Racket Istria","og_description":"Vrsar Willkommen in Vrsar Vrsar, bekannt f\u00fcr seine reiche Geschichte und beeindruckenden Landschaften, ist stolzer Gastgeber dieses Sportspektakels. Vrsar bewahrt seine Fischereitradition und sein reiches historisches Erbe und zieht seit Jahrzehnten Touristen und K\u00fcnstler an. Gleichzeitig locken die unber\u00fchrte Natur der Lim-Bucht, der Yachthafen und der Sportflughafen Abenteurer und Adrenalinjunkies an. Die mittelalterliche Altstadt von [&hellip;]","og_url":"https:\/\/stoneracketistria.com\/de\/vrsar\/","og_site_name":"Stone Racket Istria","article_modified_time":"2025-10-21T09:29:51+00:00","twitter_card":"summary_large_image","twitter_misc":{"Gesch\u00e4tzte Lesezeit":"2\u00a0Minuten"},"schema":{"@context":"https:\/\/schema.org","@graph":[{"@type":"WebPage","@id":"https:\/\/stoneracketistria.com\/de\/vrsar\/","url":"https:\/\/stoneracketistria.com\/de\/vrsar\/","name":"Vrsar - Stone Racket Istria","isPartOf":{"@id":"https:\/\/stoneracketistria.com\/de\/#website"},"datePublished":"2024-08-02T10:27:39+00:00","dateModified":"2025-10-21T09:29:51+00:00","breadcrumb":{"@id":"https:\/\/stoneracketistria.com\/de\/vrsar\/#breadcrumb"},"inLanguage":"de","potentialAction":[{"@type":"ReadAction","target":["https:\/\/stoneracketistria.com\/de\/vrsar\/"]}]},{"@type":"BreadcrumbList","@id":"https:\/\/stoneracketistria.com\/de\/vrsar\/#breadcrumb","itemListElement":[{"@type":"ListItem","position":1,"name":"Home","item":"https:\/\/stoneracketistria.com\/de\/"},{"@type":"ListItem","position":2,"name":"Vrsar"}]},{"@type":"WebSite","@id":"https:\/\/stoneracketistria.com\/de\/#website","url":"https:\/\/stoneracketistria.com\/de\/","name":"Stone Racket Istria","description":"International Masters Table Tennis Tournament &ndash; VRSAR 2025","publisher":{"@id":"https:\/\/stoneracketistria.com\/de\/#organization"},"potentialAction":[{"@type":"SearchAction","target":{"@type":"EntryPoint","urlTemplate":"https:\/\/stoneracketistria.com\/de\/?s={search_term_string}"},"query-input":{"@type":"PropertyValueSpecification","valueRequired":true,"valueName":"search_term_string"}}],"inLanguage":"de"},{"@type":"Organization","@id":"https:\/\/stoneracketistria.com\/de\/#organization","name":"Stone Racket Istria","url":"https:\/\/stoneracketistria.com\/de\/","logo":{"@type":"ImageObject","inLanguage":"de","@id":"https:\/\/stoneracketistria.com\/de\/#\/schema\/logo\/image\/","url":"https:\/\/stoneracketistria.com\/wp-content\/uploads\/2025\/06\/cropped-STONE-RACKET_-Logo_Final_-Variations___-Primary_-Dark-BKG-copy-2-scaled-1.png","contentUrl":"https:\/\/stoneracketistria.com\/wp-content\/uploads\/2025\/06\/cropped-STONE-RACKET_-Logo_Final_-Variations___-Primary_-Dark-BKG-copy-2-scaled-1.png","width":2556,"height":1353,"caption":"Stone Racket Istria"},"image":{"@id":"https:\/\/stoneracketistria.com\/de\/#\/schema\/logo\/image\/"}}]}},"_links":{"self":[{"href":"https:\/\/stoneracketistria.com\/de\/wp-json\/wp\/v2\/pages\/866","targetHints":{"allow":["GET"]}}],"collection":[{"href":"https:\/\/stoneracketistria.com\/de\/wp-json\/wp\/v2\/pages"}],"about":[{"href":"https:\/\/stoneracketistria.com\/de\/wp-json\/wp\/v2\/types\/page"}],"author":[{"embeddable":true,"href":"https:\/\/stoneracketistria.com\/de\/wp-json\/wp\/v2\/users\/1"}],"replies":[{"embeddable":true,"href":"https:\/\/stoneracketistria.com\/de\/wp-json\/wp\/v2\/comments?post=866"}],"version-history":[{"count":28,"href":"https:\/\/stoneracketistria.com\/de\/wp-json\/wp\/v2\/pages\/866\/revisions"}],"predecessor-version":[{"id":2571,"href":"https:\/\/stoneracketistria.com\/de\/wp-json\/wp\/v2\/pages\/866\/revisions\/2571"}],"wp:attachment":[{"href":"https:\/\/stoneracketistria.com\/de\/wp-json\/wp\/v2\/media?parent=866"}],"curies":[{"name":"wp","href":"https:\/\/api.w.org\/{rel}","templated":true}]}}