{"id":1144,"date":"2024-08-02T08:35:26","date_gmt":"2024-08-02T08:35:26","guid":{"rendered":"https:\/\/stoneracketistria.com\/smjestaj\/"},"modified":"2025-10-24T14:57:01","modified_gmt":"2025-10-24T14:57:01","slug":"smjestaj","status":"publish","type":"page","link":"https:\/\/stoneracketistria.com\/hr\/smjestaj\/","title":{"rendered":"Smje\u0161taj"},"content":{"rendered":"\t\t<div data-elementor-type=\"wp-page\" data-elementor-id=\"1144\" class=\"elementor elementor-1144 elementor-455\" data-elementor-post-type=\"page\">\n\t\t\t\t<div class=\"elementor-element elementor-element-426eda5 e-flex e-con-boxed e-con e-parent\" data-id=\"426eda5\" data-element_type=\"container\" data-settings=\"{&quot;background_background&quot;:&quot;video&quot;,&quot;background_video_link&quot;:&quot;https:\\\/\\\/res.cloudinary.com\\\/maistra\\\/video\\\/upload\\\/c_fill,g_auto,w_1920,h_1080\\\/q_auto,f_auto\\\/v1676362632\\\/Videos\\\/3.%20Select\\\/Vimeo%202023\\\/hotel_pineta_header_2023_v2_Original_ezhnyr.mp4&quot;}\">\n\t\t\t\t\t<div class=\"e-con-inner\">\n\t\t<div class=\"elementor-background-video-container elementor-hidden-mobile\">\n\t\t\t\t\t\t\t<video class=\"elementor-background-video-hosted elementor-html5-video\" autoplay muted playsinline loop><\/video>\n\t\t\t\t\t<\/div>\t\t<div class=\"elementor-element elementor-element-0125b4f elementor-widget elementor-widget-heading\" data-id=\"0125b4f\" data-element_type=\"widget\" data-widget_type=\"heading.default\">\n\t\t\t\t<div class=\"elementor-widget-container\">\n\t\t\t\t\t<h1 class=\"elementor-heading-title elementor-size-default\">SMJE\u0160TAJ\n\n<\/h1>\t\t\t\t<\/div>\n\t\t\t\t<\/div>\n\t\t\t\t\t<\/div>\n\t\t\t\t<\/div>\n\t\t<div class=\"elementor-element elementor-element-c84df38 e-con-full e-flex e-con e-parent\" data-id=\"c84df38\" data-element_type=\"container\" data-settings=\"{&quot;background_background&quot;:&quot;classic&quot;}\">\n\t\t<div class=\"elementor-element elementor-element-467b188 e-flex e-con-boxed e-con e-child\" data-id=\"467b188\" data-element_type=\"container\" data-settings=\"{&quot;background_background&quot;:&quot;classic&quot;}\">\n\t\t\t\t\t<div class=\"e-con-inner\">\n\t\t\t\t<div class=\"elementor-element elementor-element-a7dbc24 elementor-widget elementor-widget-heading\" data-id=\"a7dbc24\" data-element_type=\"widget\" data-widget_type=\"heading.default\">\n\t\t\t\t<div class=\"elementor-widget-container\">\n\t\t\t\t\t<h2 class=\"elementor-heading-title elementor-size-default\">Maistra Select Hotel Pineta*** <\/h2>\t\t\t\t<\/div>\n\t\t\t\t<\/div>\n\t\t\t\t<div class=\"elementor-element elementor-element-f5fe446 elementor-widget elementor-widget-text-editor\" data-id=\"f5fe446\" data-element_type=\"widget\" data-widget_type=\"text-editor.default\">\n\t\t\t\t<div class=\"elementor-widget-container\">\n\t\t\t\t\t\t\t\t\t<p style=\"text-align: left;\"><span style=\"color: #ffffff;\"><span style=\"font-weight: 400;\">Pineta 1<br \/><\/span> 52 450 Vrsar, Hrvatska<\/span><\/p>\n<p style=\"text-align: left;\"><span style=\"font-weight: 400; color: #ffffff;\">Udaljenost do mjesta natjecanja: 5 min (pje\u0161ice)<\/span><\/p>\n<p style=\"text-align: left;\"><span style=\"color: #ffffff;\"><a style=\"color: #ffffff;\" href=\"https:\/\/www.maistra.com\/properties\/hotel-pineta\/#\/\"><span style=\"font-weight: 400;\">https:\/\/www.maistra.com\/properties\/hotel-pineta\/#\/<\/span><\/a><\/span><\/p>\n\t\t\t\t\t\t\t\t<\/div>\n\t\t\t\t<\/div>\n\t\t\t\t\t<\/div>\n\t\t\t\t<\/div>\n\t\t\t\t<\/div>\n\t\t<div class=\"elementor-element elementor-element-5dc889b e-flex e-con-boxed e-con e-parent\" data-id=\"5dc889b\" data-element_type=\"container\" data-settings=\"{&quot;background_background&quot;:&quot;classic&quot;}\">\n\t\t\t\t\t<div class=\"e-con-inner\">\n\t\t<div class=\"elementor-element elementor-element-7bed560 e-con-full e-flex e-con e-child\" data-id=\"7bed560\" data-element_type=\"container\">\n\t\t\t\t<div class=\"elementor-element elementor-element-3e5fa23 elementor-widget elementor-widget-image\" data-id=\"3e5fa23\" data-element_type=\"widget\" data-widget_type=\"image.default\">\n\t\t\t\t<div class=\"elementor-widget-container\">\n\t\t\t\t\t\t\t\t\t\t\t\t\t\t\t<img fetchpriority=\"high\" decoding=\"async\" width=\"800\" height=\"574\" src=\"https:\/\/stoneracketistria.com\/wp-content\/uploads\/2024\/07\/Comfortable-rooms-and-suites-with-balconies-and-sea-view-_.jpeg\" class=\"attachment-large size-large wp-image-304\" alt=\"\" srcset=\"https:\/\/stoneracketistria.com\/wp-content\/uploads\/2024\/07\/Comfortable-rooms-and-suites-with-balconies-and-sea-view-_.jpeg 992w, https:\/\/stoneracketistria.com\/wp-content\/uploads\/2024\/07\/Comfortable-rooms-and-suites-with-balconies-and-sea-view-_-300x215.jpeg 300w, https:\/\/stoneracketistria.com\/wp-content\/uploads\/2024\/07\/Comfortable-rooms-and-suites-with-balconies-and-sea-view-_-768x551.jpeg 768w\" sizes=\"(max-width: 800px) 100vw, 800px\" \/>\t\t\t\t\t\t\t\t\t\t\t\t\t\t\t<\/div>\n\t\t\t\t<\/div>\n\t\t\t\t<\/div>\n\t\t<div class=\"elementor-element elementor-element-2d6ca8d e-con-full e-flex e-con e-child\" data-id=\"2d6ca8d\" data-element_type=\"container\">\n\t\t\t\t<div class=\"elementor-element elementor-element-0be15a3 elementor-widget elementor-widget-image\" data-id=\"0be15a3\" data-element_type=\"widget\" data-widget_type=\"image.default\">\n\t\t\t\t<div class=\"elementor-widget-container\">\n\t\t\t\t\t\t\t\t\t\t\t\t\t\t\t<img decoding=\"async\" width=\"2200\" height=\"1520\" src=\"https:\/\/stoneracketistria.com\/wp-content\/uploads\/2024\/07\/download-24.jpeg\" class=\"attachment-full size-full wp-image-306\" alt=\"\" srcset=\"https:\/\/stoneracketistria.com\/wp-content\/uploads\/2024\/07\/download-24.jpeg 2200w, https:\/\/stoneracketistria.com\/wp-content\/uploads\/2024\/07\/download-24-300x207.jpeg 300w, https:\/\/stoneracketistria.com\/wp-content\/uploads\/2024\/07\/download-24-1024x707.jpeg 1024w, https:\/\/stoneracketistria.com\/wp-content\/uploads\/2024\/07\/download-24-768x531.jpeg 768w, https:\/\/stoneracketistria.com\/wp-content\/uploads\/2024\/07\/download-24-1536x1061.jpeg 1536w, https:\/\/stoneracketistria.com\/wp-content\/uploads\/2024\/07\/download-24-2048x1415.jpeg 2048w\" sizes=\"(max-width: 2200px) 100vw, 2200px\" \/>\t\t\t\t\t\t\t\t\t\t\t\t\t\t\t<\/div>\n\t\t\t\t<\/div>\n\t\t\t\t<\/div>\n\t\t<div class=\"elementor-element elementor-element-6889049 e-con-full e-flex e-con e-child\" data-id=\"6889049\" data-element_type=\"container\">\n\t\t\t\t<div class=\"elementor-element elementor-element-e174330 elementor-widget elementor-widget-image\" data-id=\"e174330\" data-element_type=\"widget\" data-widget_type=\"image.default\">\n\t\t\t\t<div class=\"elementor-widget-container\">\n\t\t\t\t\t\t\t\t\t\t\t\t\t\t\t<img decoding=\"async\" width=\"800\" height=\"574\" src=\"https:\/\/stoneracketistria.com\/wp-content\/uploads\/2024\/07\/Economy-double-room.jpeg\" class=\"attachment-large size-large wp-image-307\" alt=\"\" srcset=\"https:\/\/stoneracketistria.com\/wp-content\/uploads\/2024\/07\/Economy-double-room.jpeg 992w, https:\/\/stoneracketistria.com\/wp-content\/uploads\/2024\/07\/Economy-double-room-300x215.jpeg 300w, https:\/\/stoneracketistria.com\/wp-content\/uploads\/2024\/07\/Economy-double-room-768x551.jpeg 768w\" sizes=\"(max-width: 800px) 100vw, 800px\" \/>\t\t\t\t\t\t\t\t\t\t\t\t\t\t\t<\/div>\n\t\t\t\t<\/div>\n\t\t\t\t<\/div>\n\t\t\t\t\t<\/div>\n\t\t\t\t<\/div>\n\t\t<div class=\"elementor-element elementor-element-d5df0b8 e-con-full e-flex e-con e-parent\" data-id=\"d5df0b8\" data-element_type=\"container\" data-settings=\"{&quot;background_background&quot;:&quot;classic&quot;}\">\n\t\t<div class=\"elementor-element elementor-element-c62dd8f e-con-full e-flex e-con e-child\" data-id=\"c62dd8f\" data-element_type=\"container\" data-settings=\"{&quot;background_background&quot;:&quot;classic&quot;}\">\n\t\t\t\t<div class=\"elementor-element elementor-element-875d272 elementor-widget elementor-widget-heading\" data-id=\"875d272\" data-element_type=\"widget\" data-widget_type=\"heading.default\">\n\t\t\t\t<div class=\"elementor-widget-container\">\n\t\t\t\t\t<h2 class=\"elementor-heading-title elementor-size-default\">CIJENE\n<\/h2>\t\t\t\t<\/div>\n\t\t\t\t<\/div>\n\t\t\t\t<div class=\"elementor-element elementor-element-70a1ee2 elementor-widget__width-initial elementor-widget elementor-widget-text-editor\" data-id=\"70a1ee2\" data-element_type=\"widget\" data-widget_type=\"text-editor.default\">\n\t\t\t\t<div class=\"elementor-widget-container\">\n\t\t\t\t\t\t\t\t\t<p><strong>Usluga<\/strong><br \/>Polupansion s doru\u010dkom i ve\u010derom<\/p><p><strong>Cijene na polupansiona s doru\u010dkom i ve\u010derom<\/strong><\/p><p>107, 50 \u20ac jednokrevetna soba<br \/>66, 25 \u20ac dvokrevetna soba<br \/>52, 50 \u20ac trokrevetna soba<br \/>35, 24 \u20ac jednosobni apartman za \u010detiri osobe<br \/>33, 15 \u20ac dvosobni apartman za pet osoba<\/p><p>Cijene su izra\u017eene po osobi po danu<\/p><p><em><span style=\"color: #ffffff;\">Posebna ponuda za rane rezervacije<\/span><\/em><\/p><p><em><span style=\"color: #ffffff;\">Na sve rezervacije potvr\u0111ene najkasnije do 1.11.2025., ostvarujete popust od 5%<\/span><\/em><\/p><p><span style=\"color: #1cabcc;\"><b>Cijene uklju\u010duju<\/b><\/span><\/p><ul><li style=\"font-weight: 400;\" aria-level=\"5\">no\u0107enje na bazi polupansiona (doru\u010dak i ve\u010dera \u2013 bogati \u0161vedski stol)<\/li><li style=\"font-weight: 400;\" aria-level=\"5\"><span style=\"font-weight: 400;\">unutarnji bazen<\/span><\/li><li style=\"font-weight: 400;\" aria-level=\"5\"><span style=\"font-weight: 400;\">mali Wellness i Spa<\/span><\/li><li style=\"font-weight: 400;\" aria-level=\"5\"><span style=\"font-weight: 400;\">turisti\u010dka pristojba<\/span><\/li><li style=\"font-weight: 400;\" aria-level=\"5\"><span style=\"font-weight: 400;\">PDV<\/span><\/li><li style=\"font-weight: 400;\" aria-level=\"5\"><span style=\"font-weight: 400;\">parkirali\u0161te<\/span><\/li><li style=\"font-weight: 400;\" aria-level=\"5\"><span style=\"font-weight: 400;\">Wi-Fi<\/span><\/li><li style=\"font-weight: 400;\" aria-level=\"5\"><span style=\"font-weight: 400;\">suvenir kao poklon<\/span><\/li><\/ul><p><b><span style=\"color: #1cabcc;\"><br \/>Nadoplata za ru\u010dak<\/span><\/b><\/p><p><span style=\"font-weight: 400;\">17\u20ac po osobi po danu (potrebno je najaviti prilikom izrade rezervacije)<\/span><\/p><p><b><span style=\"color: #1cabcc;\">Uvjeti pla\u0107anja<\/span><\/b><\/p><p><span style=\"font-weight: 400;\">Pla\u0107anje se mora izvr\u0161iti putem bankovnog prijenosa.<\/span><\/p><p><span style=\"font-weight: 400;\">Prijava i potvrda rezervacije smatraju se kona\u010dnima nakon uplate 30% akontacije najkasnije do 1. prosinca 2025. Uplata ostatka (70%) mora se izvr\u0161iti najkasnije do 15. sije\u010dnja 2026. U slu\u010daju da uplata ne uspije do navedenog roka, prijava ne\u0107e biti registrirana. <\/span><\/p><p><span style=\"font-weight: 400;\">Ime vlasnika ra\u010duna: GRAND TOUR TA<\/span><\/p><p><span style=\"font-weight: 400;\">Naziv banke: ERSTE&amp;STEIERM\u00c4RKISCHE BANK dd<\/span><\/p><p><span style=\"font-weight: 400;\">Po\u0161tanska adresa banke: JADRANSKI TRG 3a, 51000 RIJEKA, HRVATSKA<\/span><\/p><p><span style=\"font-weight: 400;\">IBAN broj: HR0224020061140442863<\/span><\/p><p><span style=\"font-weight: 400;\">SWIFT-BIC broj: ESBCHR22<\/span><\/p><p><strong><span style=\"color: #1cabcc;\">Politika otkazivanja <\/span><\/strong><b> <\/b><\/p><p><span style=\"font-weight: 400;\">Kotizacija je nepovratna.<\/span><\/p><p><span style=\"font-weight: 400;\">Smje\u0161taj:<br \/><\/span> <span style=\"font-weight: 400;\">Najkasnije 60 dana prije dolaska \u2013 besplatno<\/span><\/p><p><span style=\"font-weight: 400;\">59 \u2013 30 dana prije dolaska \u2013 30% naknade<\/span><\/p><p><span style=\"font-weight: 400;\">30 dana \u2013 datum prijave i nedolazak \u2013 100% naknada<\/span><\/p><p><span style=\"font-weight: 400;\">U slu\u010daju bolesti koja zahtijeva hospitalizaciju ili izbjegavanje putovanja (dokumentirano lije\u010dni\u010dkom dokumentacijom) gostima \u0107e biti u cijelosti vra\u0107en novac. <\/span><\/p><p><b><br \/><span style=\"color: #1cabcc;\">Zahtjevi za vizu<\/span><\/b><\/p><p><span style=\"font-weight: 400;\">U\u010desnici kojima je potrebna viza moraju poslati presliku putovnice kako bi dobili pozivno pismo koje im je potrebno za ishodovanje vize, kao i ni\u017ee podatke:<\/span><\/p><p><span style=\"font-weight: 400;\">Ime, prezime<\/span><\/p><p><span style=\"font-weight: 400;\">Nacionalnost<\/span><\/p><p><span style=\"font-weight: 400;\">Broj putovnice<\/span><\/p><p><span style=\"font-weight: 400;\">Datum isteka putovnice<br \/><\/span><\/p><p><span style=\"font-weight: 400;\">Datum ro\u0111enja<\/span><\/p><p><b>Kontakt za sve informacije<\/b><\/p><p><span style=\"color: #1cabcc;\"><a style=\"color: #1cabcc;\" href=\"mailto:contact@stoneracketistria.com\"><b>contact@stoneracketistria.com<\/b><\/a> <\/span><\/p>\t\t\t\t\t\t\t\t<\/div>\n\t\t\t\t<\/div>\n\t\t\t\t<\/div>\n\t\t\t\t<\/div>\n\t\t\t\t<\/div>\n\t\t","protected":false},"excerpt":{"rendered":"<p>SMJE\u0160TAJ Maistra Select Hotel Pineta*** Pineta 1 52 450 Vrsar, Hrvatska Udaljenost do mjesta natjecanja: 5 min (pje\u0161ice) https:\/\/www.maistra.com\/properties\/hotel-pineta\/#\/ CIJENE UslugaPolupansion s doru\u010dkom i ve\u010derom Cijene na polupansiona s doru\u010dkom i ve\u010derom 107, 50 \u20ac jednokrevetna soba66, 25 \u20ac dvokrevetna soba52, 50 \u20ac trokrevetna soba35, 24 \u20ac jednosobni apartman za \u010detiri osobe33, 15 \u20ac dvosobni [&hellip;]<\/p>\n","protected":false},"author":1,"featured_media":0,"parent":0,"menu_order":0,"comment_status":"closed","ping_status":"closed","template":"elementor_header_footer","meta":{"footnotes":""},"class_list":["post-1144","page","type-page","status-publish","hentry"],"yoast_head":"<!-- This site is optimized with the Yoast SEO plugin v26.1.1 - https:\/\/yoast.com\/wordpress\/plugins\/seo\/ -->\n<title>Smje\u0161taj - Stone Racket Istria<\/title>\n<meta name=\"robots\" content=\"index, follow, max-snippet:-1, max-image-preview:large, max-video-preview:-1\" \/>\n<link rel=\"canonical\" href=\"https:\/\/stoneracketistria.com\/hr\/smjestaj\/\" \/>\n<meta property=\"og:locale\" content=\"hr_HR\" \/>\n<meta property=\"og:type\" content=\"article\" \/>\n<meta property=\"og:title\" content=\"Smje\u0161taj - Stone Racket Istria\" \/>\n<meta property=\"og:description\" content=\"SMJE\u0160TAJ Maistra Select Hotel Pineta*** Pineta 1 52 450 Vrsar, Hrvatska Udaljenost do mjesta natjecanja: 5 min (pje\u0161ice) https:\/\/www.maistra.com\/properties\/hotel-pineta\/#\/ CIJENE UslugaPolupansion s doru\u010dkom i ve\u010derom Cijene na polupansiona s doru\u010dkom i ve\u010derom 107, 50 \u20ac jednokrevetna soba66, 25 \u20ac dvokrevetna soba52, 50 \u20ac trokrevetna soba35, 24 \u20ac jednosobni apartman za \u010detiri osobe33, 15 \u20ac dvosobni [&hellip;]\" \/>\n<meta property=\"og:url\" content=\"https:\/\/stoneracketistria.com\/hr\/smjestaj\/\" \/>\n<meta property=\"og:site_name\" content=\"Stone Racket Istria\" \/>\n<meta property=\"article:modified_time\" content=\"2025-10-24T14:57:01+00:00\" \/>\n<meta property=\"og:image\" content=\"https:\/\/stoneracketistria.com\/wp-content\/uploads\/2024\/07\/Comfortable-rooms-and-suites-with-balconies-and-sea-view-_.jpeg\" \/>\n\t<meta property=\"og:image:width\" content=\"992\" \/>\n\t<meta property=\"og:image:height\" content=\"712\" \/>\n\t<meta property=\"og:image:type\" content=\"image\/jpeg\" \/>\n<meta name=\"twitter:card\" content=\"summary_large_image\" \/>\n<meta name=\"twitter:label1\" content=\"Procijenjeno vrijeme \u010ditanja\" \/>\n\t<meta name=\"twitter:data1\" content=\"3 minute\" \/>\n<script type=\"application\/ld+json\" class=\"yoast-schema-graph\">{\"@context\":\"https:\/\/schema.org\",\"@graph\":[{\"@type\":\"WebPage\",\"@id\":\"https:\/\/stoneracketistria.com\/hr\/smjestaj\/\",\"url\":\"https:\/\/stoneracketistria.com\/hr\/smjestaj\/\",\"name\":\"Smje\u0161taj - Stone Racket Istria\",\"isPartOf\":{\"@id\":\"https:\/\/stoneracketistria.com\/hr\/#website\"},\"primaryImageOfPage\":{\"@id\":\"https:\/\/stoneracketistria.com\/hr\/smjestaj\/#primaryimage\"},\"image\":{\"@id\":\"https:\/\/stoneracketistria.com\/hr\/smjestaj\/#primaryimage\"},\"thumbnailUrl\":\"https:\/\/stoneracketistria.com\/wp-content\/uploads\/2024\/07\/Comfortable-rooms-and-suites-with-balconies-and-sea-view-_.jpeg\",\"datePublished\":\"2024-08-02T08:35:26+00:00\",\"dateModified\":\"2025-10-24T14:57:01+00:00\",\"breadcrumb\":{\"@id\":\"https:\/\/stoneracketistria.com\/hr\/smjestaj\/#breadcrumb\"},\"inLanguage\":\"hr\",\"potentialAction\":[{\"@type\":\"ReadAction\",\"target\":[\"https:\/\/stoneracketistria.com\/hr\/smjestaj\/\"]}]},{\"@type\":\"ImageObject\",\"inLanguage\":\"hr\",\"@id\":\"https:\/\/stoneracketistria.com\/hr\/smjestaj\/#primaryimage\",\"url\":\"https:\/\/stoneracketistria.com\/wp-content\/uploads\/2024\/07\/Comfortable-rooms-and-suites-with-balconies-and-sea-view-_.jpeg\",\"contentUrl\":\"https:\/\/stoneracketistria.com\/wp-content\/uploads\/2024\/07\/Comfortable-rooms-and-suites-with-balconies-and-sea-view-_.jpeg\"},{\"@type\":\"BreadcrumbList\",\"@id\":\"https:\/\/stoneracketistria.com\/hr\/smjestaj\/#breadcrumb\",\"itemListElement\":[{\"@type\":\"ListItem\",\"position\":1,\"name\":\"Home\",\"item\":\"https:\/\/stoneracketistria.com\/hr\/\"},{\"@type\":\"ListItem\",\"position\":2,\"name\":\"Smje\u0161taj\"}]},{\"@type\":\"WebSite\",\"@id\":\"https:\/\/stoneracketistria.com\/hr\/#website\",\"url\":\"https:\/\/stoneracketistria.com\/hr\/\",\"name\":\"Stone Racket Istria\",\"description\":\"International Masters Table Tennis Tournament &ndash; VRSAR 2025\",\"publisher\":{\"@id\":\"https:\/\/stoneracketistria.com\/hr\/#organization\"},\"potentialAction\":[{\"@type\":\"SearchAction\",\"target\":{\"@type\":\"EntryPoint\",\"urlTemplate\":\"https:\/\/stoneracketistria.com\/hr\/?s={search_term_string}\"},\"query-input\":{\"@type\":\"PropertyValueSpecification\",\"valueRequired\":true,\"valueName\":\"search_term_string\"}}],\"inLanguage\":\"hr\"},{\"@type\":\"Organization\",\"@id\":\"https:\/\/stoneracketistria.com\/hr\/#organization\",\"name\":\"Stone Racket Istria\",\"url\":\"https:\/\/stoneracketistria.com\/hr\/\",\"logo\":{\"@type\":\"ImageObject\",\"inLanguage\":\"hr\",\"@id\":\"https:\/\/stoneracketistria.com\/hr\/#\/schema\/logo\/image\/\",\"url\":\"https:\/\/stoneracketistria.com\/wp-content\/uploads\/2025\/06\/cropped-STONE-RACKET_-Logo_Final_-Variations___-Primary_-Dark-BKG-copy-2-scaled-1.png\",\"contentUrl\":\"https:\/\/stoneracketistria.com\/wp-content\/uploads\/2025\/06\/cropped-STONE-RACKET_-Logo_Final_-Variations___-Primary_-Dark-BKG-copy-2-scaled-1.png\",\"width\":2556,\"height\":1353,\"caption\":\"Stone Racket Istria\"},\"image\":{\"@id\":\"https:\/\/stoneracketistria.com\/hr\/#\/schema\/logo\/image\/\"}}]}<\/script>\n<!-- \/ Yoast SEO plugin. -->","yoast_head_json":{"title":"Smje\u0161taj - Stone Racket Istria","robots":{"index":"index","follow":"follow","max-snippet":"max-snippet:-1","max-image-preview":"max-image-preview:large","max-video-preview":"max-video-preview:-1"},"canonical":"https:\/\/stoneracketistria.com\/hr\/smjestaj\/","og_locale":"hr_HR","og_type":"article","og_title":"Smje\u0161taj - Stone Racket Istria","og_description":"SMJE\u0160TAJ Maistra Select Hotel Pineta*** Pineta 1 52 450 Vrsar, Hrvatska Udaljenost do mjesta natjecanja: 5 min (pje\u0161ice) https:\/\/www.maistra.com\/properties\/hotel-pineta\/#\/ CIJENE UslugaPolupansion s doru\u010dkom i ve\u010derom Cijene na polupansiona s doru\u010dkom i ve\u010derom 107, 50 \u20ac jednokrevetna soba66, 25 \u20ac dvokrevetna soba52, 50 \u20ac trokrevetna soba35, 24 \u20ac jednosobni apartman za \u010detiri osobe33, 15 \u20ac dvosobni [&hellip;]","og_url":"https:\/\/stoneracketistria.com\/hr\/smjestaj\/","og_site_name":"Stone Racket Istria","article_modified_time":"2025-10-24T14:57:01+00:00","og_image":[{"width":992,"height":712,"url":"https:\/\/stoneracketistria.com\/wp-content\/uploads\/2024\/07\/Comfortable-rooms-and-suites-with-balconies-and-sea-view-_.jpeg","type":"image\/jpeg"}],"twitter_card":"summary_large_image","twitter_misc":{"Procijenjeno vrijeme \u010ditanja":"3 minute"},"schema":{"@context":"https:\/\/schema.org","@graph":[{"@type":"WebPage","@id":"https:\/\/stoneracketistria.com\/hr\/smjestaj\/","url":"https:\/\/stoneracketistria.com\/hr\/smjestaj\/","name":"Smje\u0161taj - Stone Racket Istria","isPartOf":{"@id":"https:\/\/stoneracketistria.com\/hr\/#website"},"primaryImageOfPage":{"@id":"https:\/\/stoneracketistria.com\/hr\/smjestaj\/#primaryimage"},"image":{"@id":"https:\/\/stoneracketistria.com\/hr\/smjestaj\/#primaryimage"},"thumbnailUrl":"https:\/\/stoneracketistria.com\/wp-content\/uploads\/2024\/07\/Comfortable-rooms-and-suites-with-balconies-and-sea-view-_.jpeg","datePublished":"2024-08-02T08:35:26+00:00","dateModified":"2025-10-24T14:57:01+00:00","breadcrumb":{"@id":"https:\/\/stoneracketistria.com\/hr\/smjestaj\/#breadcrumb"},"inLanguage":"hr","potentialAction":[{"@type":"ReadAction","target":["https:\/\/stoneracketistria.com\/hr\/smjestaj\/"]}]},{"@type":"ImageObject","inLanguage":"hr","@id":"https:\/\/stoneracketistria.com\/hr\/smjestaj\/#primaryimage","url":"https:\/\/stoneracketistria.com\/wp-content\/uploads\/2024\/07\/Comfortable-rooms-and-suites-with-balconies-and-sea-view-_.jpeg","contentUrl":"https:\/\/stoneracketistria.com\/wp-content\/uploads\/2024\/07\/Comfortable-rooms-and-suites-with-balconies-and-sea-view-_.jpeg"},{"@type":"BreadcrumbList","@id":"https:\/\/stoneracketistria.com\/hr\/smjestaj\/#breadcrumb","itemListElement":[{"@type":"ListItem","position":1,"name":"Home","item":"https:\/\/stoneracketistria.com\/hr\/"},{"@type":"ListItem","position":2,"name":"Smje\u0161taj"}]},{"@type":"WebSite","@id":"https:\/\/stoneracketistria.com\/hr\/#website","url":"https:\/\/stoneracketistria.com\/hr\/","name":"Stone Racket Istria","description":"International Masters Table Tennis Tournament &ndash; VRSAR 2025","publisher":{"@id":"https:\/\/stoneracketistria.com\/hr\/#organization"},"potentialAction":[{"@type":"SearchAction","target":{"@type":"EntryPoint","urlTemplate":"https:\/\/stoneracketistria.com\/hr\/?s={search_term_string}"},"query-input":{"@type":"PropertyValueSpecification","valueRequired":true,"valueName":"search_term_string"}}],"inLanguage":"hr"},{"@type":"Organization","@id":"https:\/\/stoneracketistria.com\/hr\/#organization","name":"Stone Racket Istria","url":"https:\/\/stoneracketistria.com\/hr\/","logo":{"@type":"ImageObject","inLanguage":"hr","@id":"https:\/\/stoneracketistria.com\/hr\/#\/schema\/logo\/image\/","url":"https:\/\/stoneracketistria.com\/wp-content\/uploads\/2025\/06\/cropped-STONE-RACKET_-Logo_Final_-Variations___-Primary_-Dark-BKG-copy-2-scaled-1.png","contentUrl":"https:\/\/stoneracketistria.com\/wp-content\/uploads\/2025\/06\/cropped-STONE-RACKET_-Logo_Final_-Variations___-Primary_-Dark-BKG-copy-2-scaled-1.png","width":2556,"height":1353,"caption":"Stone Racket Istria"},"image":{"@id":"https:\/\/stoneracketistria.com\/hr\/#\/schema\/logo\/image\/"}}]}},"_links":{"self":[{"href":"https:\/\/stoneracketistria.com\/hr\/wp-json\/wp\/v2\/pages\/1144","targetHints":{"allow":["GET"]}}],"collection":[{"href":"https:\/\/stoneracketistria.com\/hr\/wp-json\/wp\/v2\/pages"}],"about":[{"href":"https:\/\/stoneracketistria.com\/hr\/wp-json\/wp\/v2\/types\/page"}],"author":[{"embeddable":true,"href":"https:\/\/stoneracketistria.com\/hr\/wp-json\/wp\/v2\/users\/1"}],"replies":[{"embeddable":true,"href":"https:\/\/stoneracketistria.com\/hr\/wp-json\/wp\/v2\/comments?post=1144"}],"version-history":[{"count":39,"href":"https:\/\/stoneracketistria.com\/hr\/wp-json\/wp\/v2\/pages\/1144\/revisions"}],"predecessor-version":[{"id":2611,"href":"https:\/\/stoneracketistria.com\/hr\/wp-json\/wp\/v2\/pages\/1144\/revisions\/2611"}],"wp:attachment":[{"href":"https:\/\/stoneracketistria.com\/hr\/wp-json\/wp\/v2\/media?parent=1144"}],"curies":[{"name":"wp","href":"https:\/\/api.w.org\/{rel}","templated":true}]}}