{"id":1146,"date":"2024-08-02T08:37:07","date_gmt":"2024-08-02T08:37:07","guid":{"rendered":"https:\/\/stoneracketistria.com\/program\/"},"modified":"2026-02-24T11:48:09","modified_gmt":"2026-02-24T11:48:09","slug":"program","status":"publish","type":"page","link":"https:\/\/stoneracketistria.com\/hr\/program\/","title":{"rendered":"Program"},"content":{"rendered":"\t\t<div data-elementor-type=\"wp-page\" data-elementor-id=\"1146\" class=\"elementor elementor-1146 elementor-457\" data-elementor-post-type=\"page\">\n\t\t\t\t<div class=\"elementor-element elementor-element-128549e e-flex e-con-boxed e-con e-parent\" data-id=\"128549e\" data-element_type=\"container\" data-settings=\"{&quot;background_background&quot;:&quot;classic&quot;}\">\n\t\t\t\t\t<div class=\"e-con-inner\">\n\t\t\t\t<div class=\"elementor-element elementor-element-22344c8 elementor-widget elementor-widget-heading\" data-id=\"22344c8\" data-element_type=\"widget\" data-widget_type=\"heading.default\">\n\t\t\t\t<div class=\"elementor-widget-container\">\n\t\t\t\t\t<h1 class=\"elementor-heading-title elementor-size-default\">PROGRAM  <\/h1>\t\t\t\t<\/div>\n\t\t\t\t<\/div>\n\t\t\t\t\t<\/div>\n\t\t\t\t<\/div>\n\t\t<div class=\"elementor-element elementor-element-0acda10 e-flex e-con-boxed e-con e-parent\" data-id=\"0acda10\" data-element_type=\"container\" data-settings=\"{&quot;background_background&quot;:&quot;classic&quot;}\">\n\t\t\t\t\t<div class=\"e-con-inner\">\n\t\t\t\t<div class=\"elementor-element elementor-element-70b0632 elementor-widget elementor-widget-html\" data-id=\"70b0632\" data-element_type=\"widget\" data-widget_type=\"html.default\">\n\t\t\t\t<div class=\"elementor-widget-container\">\n\t\t\t\t\t<table style=\"width:100%; background-color:#071235; color:white; border-collapse:collapse;\">\n  <thead>\n    <tr>\n     \n      <th style=\"border:1px solid white; padding:10px;\">Vrijeme<\/th>\n      <th style=\"border:1px solid white; padding:10px;\">Aktivnost<\/th>\n      <th style=\"border:1px solid white; padding:10px;\">Lokacija<\/th>\n    <\/tr>\n  <\/thead>\n  <tbody>\n    <tr>\n      <td colspan=\"4\" style=\"border:1px solid white; padding:10px; text-align:center; font-weight:bold;\">DAN 1 (srijeda) \u2013 04.03.2026.<\/td>\n    <\/tr>\n    <tr>\n      <td style=\"border:1px solid white; padding:10px;\">14.00-19.00 sati<\/td>\n      <td style=\"border:1px solid white; padding:10px;\">Dolazak u destinaciju i preuzimanje akreditacija<\/td>\n      <td style=\"border:1px solid white; padding:10px;\">Sportska dvorana Saline<\/td>\n    <\/tr>\n    <tr>\n      <td style=\"border:1px solid white; padding:10px;\">14.00-21.00 sati<\/td>\n      <td style=\"border:1px solid white; padding:10px;\">Slobodni treninzi<\/td>\n      <td style=\"border:1px solid white; padding:10px;\">Sportska dvorana Saline<\/td>\n    <\/tr>\n    <tr>\n      <td colspan=\"4\" style=\"border:1px solid white; padding:10px; text-align:center; font-weight:bold;\">DAN 2 (\u010detvrtak) \u2013 05.03.2026.<\/td>\n    <\/tr>\n    <tr>\n      <td style=\"border:1px solid white; padding:10px;\">09.30-13.30 sati<\/td>\n      <td style=\"border:1px solid white; padding:10px;\">Kvalifikacijski turnir po skupinama<\/td>\n      <td style=\"border:1px solid white; padding:10px;\">Sportska dvorana Saline<\/td>\n    <\/tr>\n    <tr>\n      <td style=\"border:1px solid white; padding:10px;\">13.30-15.00 sati<\/td>\n      <td style=\"border:1px solid white; padding:10px;\">Ru\u010dak<\/td>\n      <td style=\"border:1px solid white; padding:10px;\"><\/td>\n    <\/tr>\n    <tr>\n     \n    <\/tr>\n    <tr>\n      <td style=\"border:1px solid white; padding:10px;\">16.00-18.00 sati<\/td>\n      <td style=\"border:1px solid white; padding:10px;\">Mu\u0161ki i \u017eene pojedina\u010dno i parovi<\/td>\n      <td style=\"border:1px solid white; padding:10px;\">Sportska dvorana Saline<\/td>\n    <\/tr>\n    <tr>\n      <td colspan=\"4\" style=\"border:1px solid white; padding:10px; text-align:center; font-weight:bold;\">DAN 3 (petak) \u2013 06.03.2026.<\/td>\n    <\/tr>\n    <tr>\n      <td style=\"border:1px solid white; padding:10px;\">09.30-13.00 sati<\/td>\n      <td style=\"border:1px solid white; padding:10px;\">Mu\u0161ki i \u017eene pojedina\u010dno (finalni i utje\u0161ni turnir)<\/td>\n      <td style=\"border:1px solid white; padding:10px;\">Sportska dvorana Saline<\/td>\n    <\/tr>\n    <tr>\n      <td style=\"border:1px solid white; padding:10px;\">13.00-13.45 sati<\/td>\n      <td style=\"border:1px solid white; padding:10px;\">Ru\u010dak<\/td>\n      <td style=\"border:1px solid white; padding:10px;\"><\/td>\n    <\/tr>\n    <tr>\n      <td style=\"border:1px solid white; padding:10px;\">14.00-17.00 sati<\/td>\n      <td style=\"border:1px solid white; padding:10px;\">Organizirani izlet i do\u017eivljaj<\/td>\n      <td style=\"border:1px solid white; padding:10px;\">Riva Vrsar (pristani\u0161te ispod hotela Pineta)<\/td>\n    <\/tr>\n    <tr>\n      <td colspan=\"4\" style=\"border:1px solid white; padding:10px; text-align:center; font-weight:bold;\">DAN 4 (subota) \u2013 07.03.2026.<\/td>\n    <\/tr>\n    <tr>\n      <td style=\"border:1px solid white; padding:10px;\">9.30-12.00 sati<\/td>\n      <td style=\"border:1px solid white; padding:10px;\">Mu\u0161ki i \u017eene pojedina\u010dno i parovi \u2013 do finala<\/td>\n      <td style=\"border:1px solid white; padding:10px;\">Sportska dvorana Saline<\/td>\n    <\/tr>\n    <tr>\n      <td style=\"border:1px solid white; padding:10px;\">13.00-14.00 sati<\/td>\n      <td style=\"border:1px solid white; padding:10px;\">Ru\u010dak<\/td>\n      <td style=\"border:1px solid white; padding:10px;\"><\/td>\n    <\/tr>\n    <tr>\n      <td style=\"border:1px solid white; padding:10px;\">15.00-16.00 sati<\/td>\n      <td style=\"border:1px solid white; padding:10px;\">Egzibicijski me\u010d legendarnih stolnotenisa\u010da: Zoran Primorac i Kalinikos Kreanga\n i gosti iznena\u0111enja)<\/td>\n      <td style=\"border:1px solid white; padding:10px;\">Sportska dvorana Saline<\/td>\n    <\/tr>\n    <tr>\n      <td style=\"border:1px solid white; padding:10px;\">16.00-17.00 sati<\/td>\n      <td style=\"border:1px solid white; padding:10px;\">Finale po svim kategorijama<\/td>\n      <td style=\"border:1px solid white; padding:10px;\">Sportska dvorana Saline<\/td>\n    <\/tr>\n    <tr>\n      <td style=\"border:1px solid white; padding:10px;\">17.30 sati<\/td>\n      <td style=\"border:1px solid white; padding:10px;\">Ceremonija zatvaranja i progla\u0161enja pobjednika turnira<\/td>\n      <td style=\"border:1px solid white; padding:10px;\">Sportska dvorana Saline<\/td>\n    <\/tr>\n    <tr>\n      <td colspan=\"4\" style=\"border:1px solid white; padding:10px; text-align:center; font-weight:bold;\">DAN 5 (nedjelja) \u2013 08.03.2026.<\/td>\n    <\/tr>\n    <tr>\n      <td style=\"border:1px solid white; padding:10px;\"><\/td>\n      <td style=\"border:1px solid white; padding:10px;\">Odlazak \/ Pozdrav na\u0161im gostima<\/td>\n      <td style=\"border:1px solid white; padding:10px;\"><\/td>\n    <\/tr>\n  <\/tbody>\n<\/table>\t\t\t\t<\/div>\n\t\t\t\t<\/div>\n\t\t\t\t\t<\/div>\n\t\t\t\t<\/div>\n\t\t\t\t<\/div>\n\t\t","protected":false},"excerpt":{"rendered":"<p>PROGRAM Vrijeme Aktivnost Lokacija DAN 1 (srijeda) \u2013 04.03.2026. 14.00-19.00 sati Dolazak u destinaciju i preuzimanje akreditacija Sportska dvorana Saline 14.00-21.00 sati Slobodni treninzi Sportska dvorana Saline DAN 2 (\u010detvrtak) \u2013 05.03.2026. 09.30-13.30 sati Kvalifikacijski turnir po skupinama Sportska dvorana Saline 13.30-15.00 sati Ru\u010dak 16.00-18.00 sati Mu\u0161ki i \u017eene pojedina\u010dno i parovi Sportska dvorana Saline [&hellip;]<\/p>\n","protected":false},"author":1,"featured_media":0,"parent":0,"menu_order":0,"comment_status":"closed","ping_status":"closed","template":"elementor_header_footer","meta":{"footnotes":""},"class_list":["post-1146","page","type-page","status-publish","hentry"],"yoast_head":"<!-- This site is optimized with the Yoast SEO plugin v26.1.1 - https:\/\/yoast.com\/wordpress\/plugins\/seo\/ -->\n<title>Program - Stone Racket Istria<\/title>\n<meta name=\"robots\" content=\"index, follow, max-snippet:-1, max-image-preview:large, max-video-preview:-1\" \/>\n<link rel=\"canonical\" href=\"https:\/\/stoneracketistria.com\/hr\/program\/\" \/>\n<meta property=\"og:locale\" content=\"hr_HR\" \/>\n<meta property=\"og:type\" content=\"article\" \/>\n<meta property=\"og:title\" content=\"Program - Stone Racket Istria\" \/>\n<meta property=\"og:description\" content=\"PROGRAM Vrijeme Aktivnost Lokacija DAN 1 (srijeda) \u2013 04.03.2026. 14.00-19.00 sati Dolazak u destinaciju i preuzimanje akreditacija Sportska dvorana Saline 14.00-21.00 sati Slobodni treninzi Sportska dvorana Saline DAN 2 (\u010detvrtak) \u2013 05.03.2026. 09.30-13.30 sati Kvalifikacijski turnir po skupinama Sportska dvorana Saline 13.30-15.00 sati Ru\u010dak 16.00-18.00 sati Mu\u0161ki i \u017eene pojedina\u010dno i parovi Sportska dvorana Saline [&hellip;]\" \/>\n<meta property=\"og:url\" content=\"https:\/\/stoneracketistria.com\/hr\/program\/\" \/>\n<meta property=\"og:site_name\" content=\"Stone Racket Istria\" \/>\n<meta property=\"article:modified_time\" content=\"2026-02-24T11:48:09+00:00\" \/>\n<meta name=\"twitter:card\" content=\"summary_large_image\" \/>\n<meta name=\"twitter:label1\" content=\"Procijenjeno vrijeme \u010ditanja\" \/>\n\t<meta name=\"twitter:data1\" content=\"1 minuta\" \/>\n<script type=\"application\/ld+json\" class=\"yoast-schema-graph\">{\"@context\":\"https:\/\/schema.org\",\"@graph\":[{\"@type\":\"WebPage\",\"@id\":\"https:\/\/stoneracketistria.com\/hr\/program\/\",\"url\":\"https:\/\/stoneracketistria.com\/hr\/program\/\",\"name\":\"Program - Stone Racket Istria\",\"isPartOf\":{\"@id\":\"https:\/\/stoneracketistria.com\/hr\/#website\"},\"datePublished\":\"2024-08-02T08:37:07+00:00\",\"dateModified\":\"2026-02-24T11:48:09+00:00\",\"breadcrumb\":{\"@id\":\"https:\/\/stoneracketistria.com\/hr\/program\/#breadcrumb\"},\"inLanguage\":\"hr\",\"potentialAction\":[{\"@type\":\"ReadAction\",\"target\":[\"https:\/\/stoneracketistria.com\/hr\/program\/\"]}]},{\"@type\":\"BreadcrumbList\",\"@id\":\"https:\/\/stoneracketistria.com\/hr\/program\/#breadcrumb\",\"itemListElement\":[{\"@type\":\"ListItem\",\"position\":1,\"name\":\"Home\",\"item\":\"https:\/\/stoneracketistria.com\/hr\/\"},{\"@type\":\"ListItem\",\"position\":2,\"name\":\"Program\"}]},{\"@type\":\"WebSite\",\"@id\":\"https:\/\/stoneracketistria.com\/hr\/#website\",\"url\":\"https:\/\/stoneracketistria.com\/hr\/\",\"name\":\"Stone Racket Istria\",\"description\":\"International Masters Table Tennis Tournament &ndash; VRSAR 2025\",\"publisher\":{\"@id\":\"https:\/\/stoneracketistria.com\/hr\/#organization\"},\"potentialAction\":[{\"@type\":\"SearchAction\",\"target\":{\"@type\":\"EntryPoint\",\"urlTemplate\":\"https:\/\/stoneracketistria.com\/hr\/?s={search_term_string}\"},\"query-input\":{\"@type\":\"PropertyValueSpecification\",\"valueRequired\":true,\"valueName\":\"search_term_string\"}}],\"inLanguage\":\"hr\"},{\"@type\":\"Organization\",\"@id\":\"https:\/\/stoneracketistria.com\/hr\/#organization\",\"name\":\"Stone Racket Istria\",\"url\":\"https:\/\/stoneracketistria.com\/hr\/\",\"logo\":{\"@type\":\"ImageObject\",\"inLanguage\":\"hr\",\"@id\":\"https:\/\/stoneracketistria.com\/hr\/#\/schema\/logo\/image\/\",\"url\":\"https:\/\/stoneracketistria.com\/wp-content\/uploads\/2025\/06\/cropped-STONE-RACKET_-Logo_Final_-Variations___-Primary_-Dark-BKG-copy-2-scaled-1.png\",\"contentUrl\":\"https:\/\/stoneracketistria.com\/wp-content\/uploads\/2025\/06\/cropped-STONE-RACKET_-Logo_Final_-Variations___-Primary_-Dark-BKG-copy-2-scaled-1.png\",\"width\":2556,\"height\":1353,\"caption\":\"Stone Racket Istria\"},\"image\":{\"@id\":\"https:\/\/stoneracketistria.com\/hr\/#\/schema\/logo\/image\/\"}}]}<\/script>\n<!-- \/ Yoast SEO plugin. -->","yoast_head_json":{"title":"Program - Stone Racket Istria","robots":{"index":"index","follow":"follow","max-snippet":"max-snippet:-1","max-image-preview":"max-image-preview:large","max-video-preview":"max-video-preview:-1"},"canonical":"https:\/\/stoneracketistria.com\/hr\/program\/","og_locale":"hr_HR","og_type":"article","og_title":"Program - Stone Racket Istria","og_description":"PROGRAM Vrijeme Aktivnost Lokacija DAN 1 (srijeda) \u2013 04.03.2026. 14.00-19.00 sati Dolazak u destinaciju i preuzimanje akreditacija Sportska dvorana Saline 14.00-21.00 sati Slobodni treninzi Sportska dvorana Saline DAN 2 (\u010detvrtak) \u2013 05.03.2026. 09.30-13.30 sati Kvalifikacijski turnir po skupinama Sportska dvorana Saline 13.30-15.00 sati Ru\u010dak 16.00-18.00 sati Mu\u0161ki i \u017eene pojedina\u010dno i parovi Sportska dvorana Saline [&hellip;]","og_url":"https:\/\/stoneracketistria.com\/hr\/program\/","og_site_name":"Stone Racket Istria","article_modified_time":"2026-02-24T11:48:09+00:00","twitter_card":"summary_large_image","twitter_misc":{"Procijenjeno vrijeme \u010ditanja":"1 minuta"},"schema":{"@context":"https:\/\/schema.org","@graph":[{"@type":"WebPage","@id":"https:\/\/stoneracketistria.com\/hr\/program\/","url":"https:\/\/stoneracketistria.com\/hr\/program\/","name":"Program - Stone Racket Istria","isPartOf":{"@id":"https:\/\/stoneracketistria.com\/hr\/#website"},"datePublished":"2024-08-02T08:37:07+00:00","dateModified":"2026-02-24T11:48:09+00:00","breadcrumb":{"@id":"https:\/\/stoneracketistria.com\/hr\/program\/#breadcrumb"},"inLanguage":"hr","potentialAction":[{"@type":"ReadAction","target":["https:\/\/stoneracketistria.com\/hr\/program\/"]}]},{"@type":"BreadcrumbList","@id":"https:\/\/stoneracketistria.com\/hr\/program\/#breadcrumb","itemListElement":[{"@type":"ListItem","position":1,"name":"Home","item":"https:\/\/stoneracketistria.com\/hr\/"},{"@type":"ListItem","position":2,"name":"Program"}]},{"@type":"WebSite","@id":"https:\/\/stoneracketistria.com\/hr\/#website","url":"https:\/\/stoneracketistria.com\/hr\/","name":"Stone Racket Istria","description":"International Masters Table Tennis Tournament &ndash; VRSAR 2025","publisher":{"@id":"https:\/\/stoneracketistria.com\/hr\/#organization"},"potentialAction":[{"@type":"SearchAction","target":{"@type":"EntryPoint","urlTemplate":"https:\/\/stoneracketistria.com\/hr\/?s={search_term_string}"},"query-input":{"@type":"PropertyValueSpecification","valueRequired":true,"valueName":"search_term_string"}}],"inLanguage":"hr"},{"@type":"Organization","@id":"https:\/\/stoneracketistria.com\/hr\/#organization","name":"Stone Racket Istria","url":"https:\/\/stoneracketistria.com\/hr\/","logo":{"@type":"ImageObject","inLanguage":"hr","@id":"https:\/\/stoneracketistria.com\/hr\/#\/schema\/logo\/image\/","url":"https:\/\/stoneracketistria.com\/wp-content\/uploads\/2025\/06\/cropped-STONE-RACKET_-Logo_Final_-Variations___-Primary_-Dark-BKG-copy-2-scaled-1.png","contentUrl":"https:\/\/stoneracketistria.com\/wp-content\/uploads\/2025\/06\/cropped-STONE-RACKET_-Logo_Final_-Variations___-Primary_-Dark-BKG-copy-2-scaled-1.png","width":2556,"height":1353,"caption":"Stone Racket Istria"},"image":{"@id":"https:\/\/stoneracketistria.com\/hr\/#\/schema\/logo\/image\/"}}]}},"_links":{"self":[{"href":"https:\/\/stoneracketistria.com\/hr\/wp-json\/wp\/v2\/pages\/1146","targetHints":{"allow":["GET"]}}],"collection":[{"href":"https:\/\/stoneracketistria.com\/hr\/wp-json\/wp\/v2\/pages"}],"about":[{"href":"https:\/\/stoneracketistria.com\/hr\/wp-json\/wp\/v2\/types\/page"}],"author":[{"embeddable":true,"href":"https:\/\/stoneracketistria.com\/hr\/wp-json\/wp\/v2\/users\/1"}],"replies":[{"embeddable":true,"href":"https:\/\/stoneracketistria.com\/hr\/wp-json\/wp\/v2\/comments?post=1146"}],"version-history":[{"count":44,"href":"https:\/\/stoneracketistria.com\/hr\/wp-json\/wp\/v2\/pages\/1146\/revisions"}],"predecessor-version":[{"id":2787,"href":"https:\/\/stoneracketistria.com\/hr\/wp-json\/wp\/v2\/pages\/1146\/revisions\/2787"}],"wp:attachment":[{"href":"https:\/\/stoneracketistria.com\/hr\/wp-json\/wp\/v2\/media?parent=1146"}],"curies":[{"name":"wp","href":"https:\/\/api.w.org\/{rel}","templated":true}]}}